{"id":99349,"date":"2025-07-23T23:40:26","date_gmt":"2025-07-23T16:40:26","guid":{"rendered":"https:\/\/boxme.asia\/mang-luoi-cua-boxme\/"},"modified":"2025-10-22T15:22:25","modified_gmt":"2025-10-22T08:22:25","slug":"boxme-location","status":"publish","type":"page","link":"https:\/\/boxme.asia\/vi\/boxme-location\/","title":{"rendered":"M\u1ea1ng l\u01b0\u1edbi c\u1ee7a Boxme"},"content":{"rendered":"\t\t<div data-elementor-type=\"wp-page\" data-elementor-id=\"99349\" class=\"elementor elementor-99349 elementor-95835\" data-elementor-post-type=\"page\">\n\t\t\t\t<div class=\"elementor-element elementor-element-1b3af0e e-flex e-con-boxed e-con e-parent\" data-id=\"1b3af0e\" data-element_type=\"container\" data-e-type=\"container\">\n\t\t\t\t\t<div class=\"e-con-inner\">\n\t\t\t\t<div class=\"elementor-element elementor-element-78bdaab elementor-widget elementor-widget-heading\" data-id=\"78bdaab\" data-element_type=\"widget\" data-e-type=\"widget\" data-widget_type=\"heading.default\">\n\t\t\t\t<div class=\"elementor-widget-container\">\n\t\t\t\t\t<h2 class=\"elementor-heading-title elementor-size-default\">M\u1ea1ng l\u01b0\u1edbi ho\u00e0n t\u1ea5t \u0111\u01a1n h\u00e0ng<\/h2>\t\t\t\t<\/div>\n\t\t\t\t<\/div>\n\t\t\t\t<div class=\"elementor-element elementor-element-5b0daaf elementor-widget elementor-widget-text-editor\" data-id=\"5b0daaf\" data-element_type=\"widget\" data-e-type=\"widget\" data-widget_type=\"text-editor.default\">\n\t\t\t\t<div class=\"elementor-widget-container\">\n\t\t\t\t\t\t\t\t\t<p>Ch\u00fang t\u00f4i t\u1eadn d\u1ee5ng m\u1ea1ng l\u01b0\u1edbi trung t\u00e2m ho\u00e0n t\u1ea5t \u0111\u01a1n h\u00e0ng \u0111\u1ec3 gi\u00fap b\u1ea1n ph\u00e2n b\u1ed5 v\u00e0 qu\u1ea3n l\u00fd t\u1ed3n kho m\u1ed9t c\u00e1ch chi\u1ebfn l\u01b0\u1ee3c, t\u1ed1i \u01b0u chi ph\u00ed v\u1eadn chuy\u1ec3n v\u00e0 r\u00fat ng\u1eafn th\u1eddi gian giao h\u00e0ng.<\/p>\t\t\t\t\t\t\t\t<\/div>\n\t\t\t\t<\/div>\n\t\t\t\t\t<\/div>\n\t\t\t\t<\/div>\n\t\t<div class=\"elementor-element elementor-element-889aa67 e-flex e-con-boxed e-con e-parent\" data-id=\"889aa67\" data-element_type=\"container\" data-e-type=\"container\">\n\t\t\t\t\t<div class=\"e-con-inner\">\n\t\t\t\t<div class=\"elementor-element elementor-element-f06aa7b elementor-align-center elementor-widget elementor-widget-global elementor-global-111242 elementor-widget-button\" data-id=\"f06aa7b\" data-element_type=\"widget\" data-e-type=\"widget\" data-widget_type=\"button.default\">\n\t\t\t\t<div class=\"elementor-widget-container\">\n\t\t\t\t\t\t\t\t\t<div class=\"elementor-button-wrapper\">\n\t\t\t\t\t<a class=\"elementor-button elementor-button-link elementor-size-sm\" href=\"https:\/\/boxme.asia\/vi\/contact-us\/\">\n\t\t\t\t\t\t<span class=\"elementor-button-content-wrapper\">\n\t\t\t\t\t\t\t\t\t<span class=\"elementor-button-text\">Li\u00ean h\u1ec7 v\u1edbi \u0111\u1ed9i ng\u0169 chuy\u00ean gia c\u1ee7a ch\u00fang t\u00f4i<\/span>\n\t\t\t\t\t<\/span>\n\t\t\t\t\t<\/a>\n\t\t\t\t<\/div>\n\t\t\t\t\t\t\t\t<\/div>\n\t\t\t\t<\/div>\n\t\t\t\t\t<\/div>\n\t\t\t\t<\/div>\n\t\t<div class=\"elementor-element elementor-element-0fff6a0 e-con-full e-flex e-con e-parent\" data-id=\"0fff6a0\" data-element_type=\"container\" data-e-type=\"container\">\n\t\t\t\t<div class=\"elementor-element elementor-element-c8208ec elementor-widget elementor-widget-shortcode\" data-id=\"c8208ec\" data-element_type=\"widget\" data-e-type=\"widget\" data-widget_type=\"shortcode.default\">\n\t\t\t\t<div class=\"elementor-widget-container\">\n\t\t\t\t\t\t\t<div class=\"elementor-shortcode\"><div class=\"map_wrapper\" id=\"map_wrapper_96729\">\n<div class=\"map_box\" style=\"max-width:2000px\">\n<div class=\"map_aspect_ratio\" style=\"padding-top:60%\" data-padding-top=\"60%\" data-padding-top-mobile=\"0%\">\n<div class=\"map_container\">\n<div class=\"map_render map_loading\" id=\"map_96729\"><\/div>\n<\/div>\n<\/div>\n<\/div><div class=\"igm_content_below\"><div id=\"default_96729\"><\/div><\/div>\n<\/div><\/div>\n\t\t\t\t\t\t<\/div>\n\t\t\t\t<\/div>\n\t\t\t\t<\/div>\n\t\t<div class=\"elementor-element elementor-element-decc5ca e-flex e-con-boxed e-con e-parent\" data-id=\"decc5ca\" data-element_type=\"container\" data-e-type=\"container\" data-settings=\"{&quot;background_background&quot;:&quot;classic&quot;}\">\n\t\t\t\t\t<div class=\"e-con-inner\">\n\t\t<div class=\"elementor-element elementor-element-4741386 e-con-full e-flex e-con e-child\" data-id=\"4741386\" data-element_type=\"container\" data-e-type=\"container\" data-settings=\"{&quot;background_background&quot;:&quot;classic&quot;}\">\n\t\t<div class=\"elementor-element elementor-element-5d283e4 e-con-full e-flex e-con e-child\" data-id=\"5d283e4\" data-element_type=\"container\" data-e-type=\"container\">\n\t\t\t\t<div class=\"elementor-element elementor-element-f881c28 elementor-widget elementor-widget-gt3-core-animated-headlines\" data-id=\"f881c28\" data-element_type=\"widget\" data-e-type=\"widget\" data-widget_type=\"gt3-core-animated-headlines.default\">\n\t\t\t\t<div class=\"elementor-widget-container\">\n\t\t\t\t\t\t<div class=\"gt3-animated-headlines\">\r\n\t\t<h3 class=\"gt3-headline-title elementor-size-default\">6 <span class=\"gt3_headline_word gt3_headline_loop\">Fulfillment Centers<svg xmlns=\"https:\/\/www.w3.org\/2000\/svg\" viewBox=\"0 0 500 150\" preserveAspectRatio=\"none\"><path d=\"m20.69998,137.6c102.29522,-15.6 261.64822,-20.4 358.75135,-15.3c40.43563,3.2 77.13684,8.8 100.8487,19.7\" \/><\/svg><\/span><\/h3>\t<\/div>\r\n<script type=\"application\/json\" id=\"settings--f881c28\">{\"highlighter_interval\":3900,\"highlighter_duration\":1200,\"infinite_loop\":\"yes\"}<\/script>\t\t\t\t<\/div>\n\t\t\t\t<\/div>\n\t\t\t\t<div class=\"elementor-element-custom_color elementor-element elementor-element-c49f99c elementor-widget elementor-widget-text-editor\" data-id=\"c49f99c\" data-element_type=\"widget\" data-e-type=\"widget\" data-widget_type=\"text-editor.default\">\n\t\t\t\t<div class=\"elementor-widget-container\">\n\t\t\t\t\t\t\t\t\t<p style=\"text-align: center;\"><span style=\"white-space-collapse: preserve;\"><span data-metadata=\"&lt;encoded_tag_open \/&gt;!--(figmeta)eyJmaWxlS2V5IjoiNUdNYk53TkZuVHhFd1JEZFJDYXRHaiIsInBhc3RlSUQiOjU0NDQxMjEwMCwiZGF0YVR5cGUiOiJzY2VuZSJ9Cg==(\/figmeta)--&lt;encoded_tag_closed \/&gt;\"><\/span>t\u1ea1i \u0110\u00f4ng Nam \u00c1<\/span><\/p>\t\t\t\t\t\t\t\t<\/div>\n\t\t\t\t<\/div>\n\t\t\t\t<\/div>\n\t\t<div class=\"elementor-element elementor-element-6f4807c e-con-full e-flex e-con e-child\" data-id=\"6f4807c\" data-element_type=\"container\" data-e-type=\"container\">\n\t\t\t\t<div class=\"elementor-element elementor-element-602b042 elementor-widget elementor-widget-gt3-core-animated-headlines\" data-id=\"602b042\" data-element_type=\"widget\" data-e-type=\"widget\" data-widget_type=\"gt3-core-animated-headlines.default\">\n\t\t\t\t<div class=\"elementor-widget-container\">\n\t\t\t\t\t\t<div class=\"gt3-animated-headlines\">\r\n\t\t<h3 class=\"gt3-headline-title elementor-size-default\"><span class=\"gt3_headline_word gt3_headline_loop\">200k+<svg xmlns=\"https:\/\/www.w3.org\/2000\/svg\" viewBox=\"0 0 500 150\" preserveAspectRatio=\"none\"><path d=\"m20.69998,137.6c102.29522,-15.6 261.64822,-20.4 358.75135,-15.3c40.43563,3.2 77.13684,8.8 100.8487,19.7\" \/><\/svg><\/span><\/h3>\t<\/div>\r\n<script type=\"application\/json\" id=\"settings--602b042\">{\"highlighter_interval\":3900,\"highlighter_duration\":1200,\"infinite_loop\":\"yes\"}<\/script>\t\t\t\t<\/div>\n\t\t\t\t<\/div>\n\t\t\t\t<div class=\"elementor-element-custom_color elementor-element elementor-element-163fd44 elementor-widget elementor-widget-text-editor\" data-id=\"163fd44\" data-element_type=\"widget\" data-e-type=\"widget\" data-widget_type=\"text-editor.default\">\n\t\t\t\t<div class=\"elementor-widget-container\">\n\t\t\t\t\t\t\t\t\t<p><span>\u0110\u01a1n h\u00e0ng ho\u00e0n th\u00e0nh (D-Day)<\/span><\/p>\t\t\t\t\t\t\t\t<\/div>\n\t\t\t\t<\/div>\n\t\t\t\t<\/div>\n\t\t<div class=\"elementor-element elementor-element-1f06638 e-con-full e-flex e-con e-child\" data-id=\"1f06638\" data-element_type=\"container\" data-e-type=\"container\">\n\t\t\t\t<div class=\"elementor-element elementor-element-84ca213 elementor-widget elementor-widget-gt3-core-animated-headlines\" data-id=\"84ca213\" data-element_type=\"widget\" data-e-type=\"widget\" data-widget_type=\"gt3-core-animated-headlines.default\">\n\t\t\t\t<div class=\"elementor-widget-container\">\n\t\t\t\t\t\t<div class=\"gt3-animated-headlines\">\r\n\t\t<h3 class=\"gt3-headline-title elementor-size-default\"><span class=\"gt3_headline_word gt3_headline_loop\">99,9%<svg xmlns=\"https:\/\/www.w3.org\/2000\/svg\" viewBox=\"0 0 500 150\" preserveAspectRatio=\"none\"><path d=\"m20.69998,137.6c102.29522,-15.6 261.64822,-20.4 358.75135,-15.3c40.43563,3.2 77.13684,8.8 100.8487,19.7\" \/><\/svg><\/span><\/h3>\t<\/div>\r\n<script type=\"application\/json\" id=\"settings--84ca213\">{\"highlighter_interval\":3900,\"highlighter_duration\":1200,\"infinite_loop\":\"yes\"}<\/script>\t\t\t\t<\/div>\n\t\t\t\t<\/div>\n\t\t\t\t<div class=\"elementor-element-custom_color elementor-element elementor-element-9913381 elementor-widget elementor-widget-text-editor\" data-id=\"9913381\" data-element_type=\"widget\" data-e-type=\"widget\" data-widget_type=\"text-editor.default\">\n\t\t\t\t<div class=\"elementor-widget-container\">\n\t\t\t\t\t\t\t\t\t<p><span style=\"white-space-collapse: preserve;\"><span data-metadata=\"&lt;encoded_tag_open \/&gt;!--(figmeta)eyJmaWxlS2V5IjoiNUdNYk53TkZuVHhFd1JEZFJDYXRHaiIsInBhc3RlSUQiOjU0NDQxMjEwMCwiZGF0YVR5cGUiOiJzY2VuZSJ9Cg==(\/figmeta)--&lt;encoded_tag_closed \/&gt;\"><\/span>Ch\u00ednh x\u00e1c t\u1ed3n kho<\/span><\/p>\t\t\t\t\t\t\t\t<\/div>\n\t\t\t\t<\/div>\n\t\t\t\t<\/div>\n\t\t<div class=\"elementor-element elementor-element-b3ab0ce e-con-full e-flex e-con e-child\" data-id=\"b3ab0ce\" data-element_type=\"container\" data-e-type=\"container\">\n\t\t\t\t<div class=\"elementor-element elementor-element-65ac42d elementor-widget elementor-widget-gt3-core-animated-headlines\" data-id=\"65ac42d\" data-element_type=\"widget\" data-e-type=\"widget\" data-widget_type=\"gt3-core-animated-headlines.default\">\n\t\t\t\t<div class=\"elementor-widget-container\">\n\t\t\t\t\t\t<div class=\"gt3-animated-headlines\">\r\n\t\t<h3 class=\"gt3-headline-title elementor-size-default\"><span class=\"gt3_headline_word gt3_headline_loop\">90%<svg xmlns=\"https:\/\/www.w3.org\/2000\/svg\" viewBox=\"0 0 500 150\" preserveAspectRatio=\"none\"><path d=\"m20.69998,137.6c102.29522,-15.6 261.64822,-20.4 358.75135,-15.3c40.43563,3.2 77.13684,8.8 100.8487,19.7\" \/><\/svg><\/span><\/h3>\t<\/div>\r\n<script type=\"application\/json\" id=\"settings--65ac42d\">{\"highlighter_interval\":3900,\"highlighter_duration\":1200,\"infinite_loop\":\"yes\"}<\/script>\t\t\t\t<\/div>\n\t\t\t\t<\/div>\n\t\t\t\t<div class=\"elementor-element-custom_color elementor-element elementor-element-21a2007 elementor-widget elementor-widget-text-editor\" data-id=\"21a2007\" data-element_type=\"widget\" data-e-type=\"widget\" data-widget_type=\"text-editor.default\">\n\t\t\t\t<div class=\"elementor-widget-container\">\n\t\t\t\t\t\t\t\t\t<p><span data-metadata=\"&lt;encoded_tag_open \/&gt;!--(figmeta)eyJmaWxlS2V5IjoiNUdNYk53TkZuVHhFd1JEZFJDYXRHaiIsInBhc3RlSUQiOjU0NDQxMjEwMCwiZGF0YVR5cGUiOiJzY2VuZSJ9Cg==(\/figmeta)--&lt;encoded_tag_closed \/&gt;\"><\/span>T\u1ef7 l\u1ec7 b\u00e0n giao nhanh<\/p>\t\t\t\t\t\t\t\t<\/div>\n\t\t\t\t<\/div>\n\t\t\t\t<\/div>\n\t\t\t\t<\/div>\n\t\t\t\t\t<\/div>\n\t\t\t\t<\/div>\n\t\t<div class=\"elementor-element elementor-element-8f807e1 e-flex e-con-boxed e-con e-parent\" data-id=\"8f807e1\" data-element_type=\"container\" data-e-type=\"container\">\n\t\t\t\t\t<div class=\"e-con-inner\">\n\t\t<div class=\"elementor-element elementor-element-d16230b e-con-full e-flex e-con e-child\" data-id=\"d16230b\" data-element_type=\"container\" data-e-type=\"container\" data-settings=\"{&quot;background_background&quot;:&quot;classic&quot;}\">\n\t\t\t\t<div class=\"elementor-element elementor-element-0b6e99e elementor-widget elementor-widget-heading\" data-id=\"0b6e99e\" data-element_type=\"widget\" data-e-type=\"widget\" data-widget_type=\"heading.default\">\n\t\t\t\t<div class=\"elementor-widget-container\">\n\t\t\t\t\t<h3 class=\"elementor-heading-title elementor-size-default\">M\u1ea1ng l\u01b0\u1edbi trung t\u00e2m h\u1eadu c\u1ea7n Boxme<\/h3>\t\t\t\t<\/div>\n\t\t\t\t<\/div>\n\t\t\t\t<div class=\"elementor-element elementor-element-cd4d413 elementor-widget elementor-widget-text-editor\" data-id=\"cd4d413\" data-element_type=\"widget\" data-e-type=\"widget\" data-widget_type=\"text-editor.default\">\n\t\t\t\t<div class=\"elementor-widget-container\">\n\t\t\t\t\t\t\t\t\t<p><span>Boxme v\u1eadn h\u00e0nh m\u1ed9t m\u1ea1ng l\u01b0\u1edbi trung t\u00e2m ho\u00e0n t\u1ea5t \u0111\u01a1n h\u00e0ng hi\u1ec7n \u0111\u1ea1i, cho ph\u00e9p v\u1eadn chuy\u1ec3n to\u00e0n c\u1ea7u. D\u01b0\u1edbi \u0111\u00e2y l\u00e0 danh s\u00e1ch c\u00e1c \u0111\u1ecba \u0111i\u1ec3m trung t\u00e2m ho\u00e0n t\u1ea5t \u0111\u01a1n h\u00e0ng c\u1ee7a Boxme. <\/span><\/p>\t\t\t\t\t\t\t\t<\/div>\n\t\t\t\t<\/div>\n\t\t\t\t<div class=\"elementor-element elementor-element-8ecd45b elementor-widget elementor-widget-toggle\" data-id=\"8ecd45b\" data-element_type=\"widget\" data-e-type=\"widget\" data-widget_type=\"toggle.default\">\n\t\t\t\t<div class=\"elementor-widget-container\">\n\t\t\t\t\t\t\t<div class=\"elementor-toggle\">\n\t\t\t\t\t\t\t<div class=\"elementor-toggle-item\">\n\t\t\t\t\t<div id=\"elementor-tab-title-1491\" class=\"elementor-tab-title\" data-tab=\"1\" role=\"button\" aria-controls=\"elementor-tab-content-1491\" aria-expanded=\"false\">\n\t\t\t\t\t\t\t\t\t\t\t\t<span class=\"elementor-toggle-icon elementor-toggle-icon-left\" aria-hidden=\"true\">\n\t\t\t\t\t\t\t\t\t\t\t\t\t\t\t<span class=\"elementor-toggle-icon-closed\"><i class=\"fas fa-caret-right\"><\/i><\/span>\n\t\t\t\t\t\t\t\t<span class=\"elementor-toggle-icon-opened\"><i class=\"elementor-toggle-icon-opened fas fa-caret-up\"><\/i><\/span>\n\t\t\t\t\t\t\t\t\t\t\t\t\t<\/span>\n\t\t\t\t\t\t\t\t\t\t\t\t<a class=\"elementor-toggle-title\" tabindex=\"0\">Le Minh Xu\u00e2n - Th\u00e0nh Ph\u1ed1 H\u1ed3 Ch\u00ed Minh<\/a>\n\t\t\t\t\t<\/div>\n\n\t\t\t\t\t<div id=\"elementor-tab-content-1491\" class=\"elementor-tab-content elementor-clearfix\" data-tab=\"1\" role=\"region\" aria-labelledby=\"elementor-tab-title-1491\"><div data-zone-id=\"B5qQSgqWC9\" data-line-index=\"0\" data-line=\"true\">\n<div data-soft=\"true\"><span><b>Trung t\u00e2m h\u1eadu c\u1ea7n L\u00ea Minh Xu\u00e2n: <\/b><\/span><span>Le Minh Xuan 3, Binh Chanh District, Ho Chi Minh city<\/span><\/div>\n<\/div>\n<\/div>\n\t\t\t\t<\/div>\n\t\t\t\t\t\t\t<div class=\"elementor-toggle-item\">\n\t\t\t\t\t<div id=\"elementor-tab-title-1492\" class=\"elementor-tab-title\" data-tab=\"2\" role=\"button\" aria-controls=\"elementor-tab-content-1492\" aria-expanded=\"false\">\n\t\t\t\t\t\t\t\t\t\t\t\t<span class=\"elementor-toggle-icon elementor-toggle-icon-left\" aria-hidden=\"true\">\n\t\t\t\t\t\t\t\t\t\t\t\t\t\t\t<span class=\"elementor-toggle-icon-closed\"><i class=\"fas fa-caret-right\"><\/i><\/span>\n\t\t\t\t\t\t\t\t<span class=\"elementor-toggle-icon-opened\"><i class=\"elementor-toggle-icon-opened fas fa-caret-up\"><\/i><\/span>\n\t\t\t\t\t\t\t\t\t\t\t\t\t<\/span>\n\t\t\t\t\t\t\t\t\t\t\t\t<a class=\"elementor-toggle-title\" tabindex=\"0\">T\u00e2n T\u1ea1o - Th\u00e0nh Ph\u1ed1 H\u1ed3 Ch\u00ed Minh<\/a>\n\t\t\t\t\t<\/div>\n\n\t\t\t\t\t<div id=\"elementor-tab-content-1492\" class=\"elementor-tab-content elementor-clearfix\" data-tab=\"2\" role=\"region\" aria-labelledby=\"elementor-tab-title-1492\"><hr>\n<div data-zone-id=\"B5qQSgqWC9\" data-line-index=\"0\" data-line=\"true\">\n<div data-level=\"1\" data-margin_left=\"13px\"><span><\/span><span><b>Tan Tao Fulfillment Center: <\/b><\/span><span>Tan Tao Industrial Zone, Ward Tay Thanh, Tan Phu District, Ho Chi Minh City.<\/span><\/div>\n<\/div>\n<\/div>\n\t\t\t\t<\/div>\n\t\t\t\t\t\t\t<div class=\"elementor-toggle-item\">\n\t\t\t\t\t<div id=\"elementor-tab-title-1493\" class=\"elementor-tab-title\" data-tab=\"3\" role=\"button\" aria-controls=\"elementor-tab-content-1493\" aria-expanded=\"false\">\n\t\t\t\t\t\t\t\t\t\t\t\t<span class=\"elementor-toggle-icon elementor-toggle-icon-left\" aria-hidden=\"true\">\n\t\t\t\t\t\t\t\t\t\t\t\t\t\t\t<span class=\"elementor-toggle-icon-closed\"><i class=\"fas fa-caret-right\"><\/i><\/span>\n\t\t\t\t\t\t\t\t<span class=\"elementor-toggle-icon-opened\"><i class=\"elementor-toggle-icon-opened fas fa-caret-up\"><\/i><\/span>\n\t\t\t\t\t\t\t\t\t\t\t\t\t<\/span>\n\t\t\t\t\t\t\t\t\t\t\t\t<a class=\"elementor-toggle-title\" tabindex=\"0\">Binh Tan - HoChiMinh City<\/a>\n\t\t\t\t\t<\/div>\n\n\t\t\t\t\t<div id=\"elementor-tab-content-1493\" class=\"elementor-tab-content elementor-clearfix\" data-tab=\"3\" role=\"region\" aria-labelledby=\"elementor-tab-title-1493\"><div data-zone-id=\"B5qQSgqWC9\" data-line-index=\"0\" data-line=\"true\">\n<div data-level=\"1\" data-margin_left=\"13px\"><span><\/span><span><b>Binh Tan Fulfillment Center: <\/b><\/span><span>225 Ma Lo, Binh Tri Dong A, Binh Tan District, Ho Chi Minh City.<\/span><\/div>\n<\/div>\n<\/div>\n\t\t\t\t<\/div>\n\t\t\t\t\t\t\t<div class=\"elementor-toggle-item\">\n\t\t\t\t\t<div id=\"elementor-tab-title-1494\" class=\"elementor-tab-title\" data-tab=\"4\" role=\"button\" aria-controls=\"elementor-tab-content-1494\" aria-expanded=\"false\">\n\t\t\t\t\t\t\t\t\t\t\t\t<span class=\"elementor-toggle-icon elementor-toggle-icon-left\" aria-hidden=\"true\">\n\t\t\t\t\t\t\t\t\t\t\t\t\t\t\t<span class=\"elementor-toggle-icon-closed\"><i class=\"fas fa-caret-right\"><\/i><\/span>\n\t\t\t\t\t\t\t\t<span class=\"elementor-toggle-icon-opened\"><i class=\"elementor-toggle-icon-opened fas fa-caret-up\"><\/i><\/span>\n\t\t\t\t\t\t\t\t\t\t\t\t\t<\/span>\n\t\t\t\t\t\t\t\t\t\t\t\t<a class=\"elementor-toggle-title\" tabindex=\"0\">Long Bien - Hanoi City<\/a>\n\t\t\t\t\t<\/div>\n\n\t\t\t\t\t<div id=\"elementor-tab-content-1494\" class=\"elementor-tab-content elementor-clearfix\" data-tab=\"4\" role=\"region\" aria-labelledby=\"elementor-tab-title-1494\"><div data-zone-id=\"B5qQSgqWC9\" data-line-index=\"0\" data-line=\"true\">\n<div data-level=\"1\" data-margin_left=\"13px\"><span><\/span><span><b>Long Bien Fulfillment Center: <\/b><\/span><span>No 1 Huynh Tan Phat Street, Sai Dong B Industrial,Thach Ban Ward, Long Bien District, Ha Noi City<\/span><\/div>\n<\/div>\n<\/div>\n\t\t\t\t<\/div>\n\t\t\t\t\t\t\t<div class=\"elementor-toggle-item\">\n\t\t\t\t\t<div id=\"elementor-tab-title-1495\" class=\"elementor-tab-title\" data-tab=\"5\" role=\"button\" aria-controls=\"elementor-tab-content-1495\" aria-expanded=\"false\">\n\t\t\t\t\t\t\t\t\t\t\t\t<span class=\"elementor-toggle-icon elementor-toggle-icon-left\" aria-hidden=\"true\">\n\t\t\t\t\t\t\t\t\t\t\t\t\t\t\t<span class=\"elementor-toggle-icon-closed\"><i class=\"fas fa-caret-right\"><\/i><\/span>\n\t\t\t\t\t\t\t\t<span class=\"elementor-toggle-icon-opened\"><i class=\"elementor-toggle-icon-opened fas fa-caret-up\"><\/i><\/span>\n\t\t\t\t\t\t\t\t\t\t\t\t\t<\/span>\n\t\t\t\t\t\t\t\t\t\t\t\t<a class=\"elementor-toggle-title\" tabindex=\"0\">Lat Krabang- Bangkok<\/a>\n\t\t\t\t\t<\/div>\n\n\t\t\t\t\t<div id=\"elementor-tab-content-1495\" class=\"elementor-tab-content elementor-clearfix\" data-tab=\"5\" role=\"region\" aria-labelledby=\"elementor-tab-title-1495\"><div data-zone-id=\"jB_okBoJX7s\" data-line-index=\"0\" data-line=\"true\"><span>65 Phatthana Chonnabot 2 Alley, Khlong Song Ton Nun, Qu\u1eadn Lat Krabang, Bangkok 10520, Th\u00e1i Lan.<\/span><\/div>\n<\/div>\n\t\t\t\t<\/div>\n\t\t\t\t\t\t\t<div class=\"elementor-toggle-item\">\n\t\t\t\t\t<div id=\"elementor-tab-title-1496\" class=\"elementor-tab-title\" data-tab=\"6\" role=\"button\" aria-controls=\"elementor-tab-content-1496\" aria-expanded=\"false\">\n\t\t\t\t\t\t\t\t\t\t\t\t<span class=\"elementor-toggle-icon elementor-toggle-icon-left\" aria-hidden=\"true\">\n\t\t\t\t\t\t\t\t\t\t\t\t\t\t\t<span class=\"elementor-toggle-icon-closed\"><i class=\"fas fa-caret-right\"><\/i><\/span>\n\t\t\t\t\t\t\t\t<span class=\"elementor-toggle-icon-opened\"><i class=\"elementor-toggle-icon-opened fas fa-caret-up\"><\/i><\/span>\n\t\t\t\t\t\t\t\t\t\t\t\t\t<\/span>\n\t\t\t\t\t\t\t\t\t\t\t\t<a class=\"elementor-toggle-title\" tabindex=\"0\">Cupang - Kalakhang Manila<\/a>\n\t\t\t\t\t<\/div>\n\n\t\t\t\t\t<div id=\"elementor-tab-content-1496\" class=\"elementor-tab-content elementor-clearfix\" data-tab=\"6\" role=\"region\" aria-labelledby=\"elementor-tab-title-1496\"><div data-zone-id=\"B5qQS40TPjB\" data-line-index=\"0\" data-line=\"true\">\n<div data-level=\"1\" data-margin_left=\"13px\"><span><\/span><span>Km. 21 West Service Road. Pan-Philippine Highway, Cupang, Muntinlupa, Kalakhang Manila, Philippines  <\/span><\/div>\n<\/div>\n<\/div>\n\t\t\t\t<\/div>\n\t\t\t\t\t\t\t\t<\/div>\n\t\t\t\t\t\t<\/div>\n\t\t\t\t<\/div>\n\t\t\t\t<\/div>\n\t\t<div class=\"elementor-element elementor-element-6eb76cb e-con-full e-flex e-con e-child\" data-id=\"6eb76cb\" data-element_type=\"container\" data-e-type=\"container\" data-settings=\"{&quot;background_background&quot;:&quot;classic&quot;}\">\n\t\t\t\t<div class=\"elementor-element elementor-element-0c7baed elementor-widget elementor-widget-heading\" data-id=\"0c7baed\" data-element_type=\"widget\" data-e-type=\"widget\" data-widget_type=\"heading.default\">\n\t\t\t\t<div class=\"elementor-widget-container\">\n\t\t\t\t\t<h3 class=\"elementor-heading-title elementor-size-default\">Li\u00ean h\u1ec7 v\u1edbi ch\u00fang t\u00f4i<\/h3>\t\t\t\t<\/div>\n\t\t\t\t<\/div>\n\t\t\t\t<div class=\"elementor-element elementor-element-e5acb50 elementor-widget elementor-widget-heading\" data-id=\"e5acb50\" data-element_type=\"widget\" data-e-type=\"widget\" data-widget_type=\"heading.default\">\n\t\t\t\t<div class=\"elementor-widget-container\">\n\t\t\t\t\t<p class=\"elementor-heading-title elementor-size-default\">Vui l\u00f2ng \u0111i\u1ec1n v\u00e0o bi\u1ec3u m\u1eabu d\u01b0\u1edbi \u0111\u00e2y \u0111\u1ec3 gi\u00fap ch\u00fang t\u00f4i hi\u1ec3u r\u00f5 h\u01a1n v\u1ec1 doanh nghi\u1ec7p v\u00e0 nhu c\u1ea7u c\u1ee7a b\u1ea1n<\/p>\t\t\t\t<\/div>\n\t\t\t\t<\/div>\n\t\t\t\t<div class=\"elementor-element elementor-element-ab05828 contact-form elementor-widget elementor-widget-shortcode\" data-id=\"ab05828\" data-element_type=\"widget\" data-e-type=\"widget\" data-widget_type=\"shortcode.default\">\n\t\t\t\t<div class=\"elementor-widget-container\">\n\t\t\t\t\t\t\t<div class=\"elementor-shortcode\"><\/div>\n\t\t\t\t\t\t<\/div>\n\t\t\t\t<\/div>\n\t\t\t\t<\/div>\n\t\t\t\t\t<\/div>\n\t\t\t\t<\/div>\n\t\t\t\t<\/div>\n\t\t","protected":false},"excerpt":{"rendered":"<p>M\u1ea1ng l\u01b0\u1edbi ho\u00e0n t\u1ea5t \u0111\u01a1n h\u00e0ng Ch\u00fang t\u00f4i t\u1eadn d\u1ee5ng m\u1ea1ng l\u01b0\u1edbi trung t\u00e2m ho\u00e0n t\u1ea5t \u0111\u01a1n h\u00e0ng \u0111\u1ec3 gi\u00fap b\u1ea1n ph\u00e2n b\u1ed5 v\u00e0 qu\u1ea3n l\u00fd t\u1ed3n kho m\u1ed9t c\u00e1ch chi\u1ebfn l\u01b0\u1ee3c, t\u1ed1i \u01b0u chi ph\u00ed v\u1eadn chuy\u1ec3n v\u00e0 r\u00fat ng\u1eafn th\u1eddi gian giao h\u00e0ng. Li\u00ean h\u1ec7 v\u1edbi \u0111\u1ed9i ng\u0169 chuy\u00ean gia c\u1ee7a ch\u00fang t\u00f4i [&hellip;]<\/p>\n","protected":false},"author":1,"featured_media":0,"parent":0,"menu_order":0,"comment_status":"closed","ping_status":"closed","template":"","meta":{"inline_featured_image":false,"footnotes":""},"class_list":["post-99349","page","type-page","status-publish","hentry"],"_links":{"self":[{"href":"https:\/\/boxme.asia\/vi\/wp-json\/wp\/v2\/pages\/99349","targetHints":{"allow":["GET"]}}],"collection":[{"href":"https:\/\/boxme.asia\/vi\/wp-json\/wp\/v2\/pages"}],"about":[{"href":"https:\/\/boxme.asia\/vi\/wp-json\/wp\/v2\/types\/page"}],"author":[{"embeddable":true,"href":"https:\/\/boxme.asia\/vi\/wp-json\/wp\/v2\/users\/1"}],"replies":[{"embeddable":true,"href":"https:\/\/boxme.asia\/vi\/wp-json\/wp\/v2\/comments?post=99349"}],"version-history":[{"count":27,"href":"https:\/\/boxme.asia\/vi\/wp-json\/wp\/v2\/pages\/99349\/revisions"}],"predecessor-version":[{"id":111252,"href":"https:\/\/boxme.asia\/vi\/wp-json\/wp\/v2\/pages\/99349\/revisions\/111252"}],"wp:attachment":[{"href":"https:\/\/boxme.asia\/vi\/wp-json\/wp\/v2\/media?parent=99349"}],"curies":[{"name":"wp","href":"https:\/\/api.w.org\/{rel}","templated":true}]}}