{"id":98870,"date":"2025-07-24T00:00:00","date_gmt":"2025-07-23T17:00:00","guid":{"rendered":"https:\/\/boxme.asia\/cac-chi-nhanh\/"},"modified":"2025-10-22T14:45:03","modified_gmt":"2025-10-22T07:45:03","slug":"affiliate","status":"publish","type":"page","link":"https:\/\/boxme.asia\/vi\/affiliate\/","title":{"rendered":"Ch\u01b0\u01a1ng tr\u00ecnh Affiliate"},"content":{"rendered":"\t\t<div data-elementor-type=\"wp-page\" data-elementor-id=\"98870\" class=\"elementor elementor-98870 elementor-95859\" data-elementor-post-type=\"page\">\n\t\t\t\t<div class=\"elementor-element elementor-element-c5c2b88 e-flex e-con-boxed e-con e-parent\" data-id=\"c5c2b88\" data-element_type=\"container\">\n\t\t\t\t\t<div class=\"e-con-inner\">\n\t\t<div class=\"elementor-element elementor-element-31285ae e-con-full e-flex e-con e-child\" data-id=\"31285ae\" data-element_type=\"container\">\n\t\t\t\t<div class=\"elementor-element elementor-element-c27fdda elementor-widget elementor-widget-heading\" data-id=\"c27fdda\" data-element_type=\"widget\" data-widget_type=\"heading.default\">\n\t\t\t\t<div class=\"elementor-widget-container\">\n\t\t\t\t\t<h3 class=\"elementor-heading-title elementor-size-default\">Ki\u1ebfm ti\u1ec1n v\u1edbi ch\u01b0\u01a1ng tr\u00ecnh li\u00ean k\u1ebft c\u1ee7a Boxme<\/h3>\t\t\t\t<\/div>\n\t\t\t\t<\/div>\n\t\t\t\t<div class=\"elementor-element elementor-element-79cf641 elementor-widget elementor-widget-text-editor\" data-id=\"79cf641\" data-element_type=\"widget\" data-widget_type=\"text-editor.default\">\n\t\t\t\t<div class=\"elementor-widget-container\">\n\t\t\t\t\t\t\t\t\t<p data-start=\"81\" data-end=\"198\"><strong data-start=\"81\" data-end=\"198\">Ch\u01b0\u01a1ng tr\u00ecnh li\u00ean k\u1ebft c\u1ee7a Boxme l\u00e0 c\u01a1 h\u1ed9i ho\u00e0n h\u1ea3o cho nh\u1eefng ai l\u00e0m vi\u1ec7c v\u1edbi c\u00e1c th\u01b0\u01a1ng hi\u1ec7u th\u01b0\u01a1ng m\u1ea1i \u0111i\u1ec7n t\u1eed v\u1eeba v\u00e0 nh\u1ecf.<\/strong><\/p><p data-start=\"200\" data-end=\"437\">Cho d\u00f9 b\u1ea1n l\u00e0 ng\u01b0\u1eddi c\u00f3 s\u1ee9c \u1ea3nh h\u01b0\u1edfng trong th\u01b0\u01a1ng m\u1ea1i \u0111i\u1ec7n t\u1eed, KOL, \u0111i\u1ec1u h\u00e0nh m\u1ed9t c\u00f4ng ty \u0111\u1ea1i l\u00fd ho\u1eb7c doanh nghi\u1ec7p t\u01b0 v\u1ea5n, hay ch\u1ec9 \u0111\u01a1n gi\u1ea3n l\u00e0 c\u00f3 m\u1ea1ng l\u01b0\u1edbi m\u1ea1nh m\u1ebd \u2014 b\u1ea1n c\u00f3 th\u1ec3 ki\u1ebfm \u0111\u01b0\u1ee3c hoa h\u1ed3ng h\u1ea5p d\u1eabn b\u1eb1ng c\u00e1ch gi\u1edbi thi\u1ec7u doanh nghi\u1ec7p \u0111\u1ebfn v\u1edbi d\u1ecbch v\u1ee5 ho\u00e0n t\u1ea5t \u0111\u01a1n h\u00e0ng v\u00e0 h\u1eadu c\u1ea7n c\u1ee7a Boxme.<\/p><p data-start=\"439\" data-end=\"627\" data-is-last-node=\"\" data-is-only-node=\"\">Ch\u00fang t\u00f4i cung c\u1ea5p ph\u1ea7n th\u01b0\u1edfng c\u1ea1nh tranh cho m\u1ed7i l\u01b0\u1ee3t gi\u1edbi thi\u1ec7u th\u00e0nh c\u00f4ng. \u0110\u1eebng b\u1ecf l\u1ee1 \u2014 h\u00e3y tham gia <strong data-start=\"521\" data-end=\"550\">Ch\u01b0\u01a1ng tr\u00ecnh li\u00ean k\u1ebft c\u1ee7a Boxme<\/strong> ngay h\u00f4m nay v\u00e0 gi\u00fap c\u00e1c th\u01b0\u01a1ng hi\u1ec7u th\u01b0\u01a1ng m\u1ea1i \u0111i\u1ec7n t\u1eed m\u1edf r\u1ed9ng quy m\u00f4 b\u1ec1n v\u1eefng tr\u00ean nhi\u1ec1u k\u00eanh! <\/p>\t\t\t\t\t\t\t\t<\/div>\n\t\t\t\t<\/div>\n\t\t\t\t<\/div>\n\t\t<div class=\"elementor-element elementor-element-43e1956 e-con-full e-flex e-con e-child\" data-id=\"43e1956\" data-element_type=\"container\">\n\t\t\t\t<div class=\"elementor-element elementor-element-474bd0f elementor-widget elementor-widget-image\" data-id=\"474bd0f\" data-element_type=\"widget\" data-widget_type=\"image.default\">\n\t\t\t\t<div class=\"elementor-widget-container\">\n\t\t\t\t\t\t\t\t\t\t\t\t\t\t\t<img fetchpriority=\"high\" decoding=\"async\" width=\"800\" height=\"750\" src=\"https:\/\/boxme.asia\/wp-content\/uploads\/2025\/08\/Boxmes-Affiliate-Program.png\" class=\"attachment-large size-large wp-image-99312\" alt=\"\" srcset=\"https:\/\/boxme.asia\/wp-content\/uploads\/2025\/08\/Boxmes-Affiliate-Program.png 800w, https:\/\/boxme.asia\/wp-content\/uploads\/2025\/08\/Boxmes-Affiliate-Program-300x281.png 300w, https:\/\/boxme.asia\/wp-content\/uploads\/2025\/08\/Boxmes-Affiliate-Program-768x720.png 768w, https:\/\/boxme.asia\/wp-content\/uploads\/2025\/08\/Boxmes-Affiliate-Program-480x450.png 480w\" sizes=\"(max-width: 800px) 100vw, 800px\" title=\"Boxme\u2019s-Affiliate-Program\" \/>\t\t\t\t\t\t\t\t\t\t\t\t\t\t\t<\/div>\n\t\t\t\t<\/div>\n\t\t\t\t<\/div>\n\t\t\t\t\t<\/div>\n\t\t\t\t<\/div>\n\t\t<div class=\"elementor-element elementor-element-facba4e e-flex e-con-boxed e-con e-parent\" data-id=\"facba4e\" data-element_type=\"container\">\n\t\t\t\t\t<div class=\"e-con-inner\">\n\t\t\t\t<div class=\"elementor-element elementor-element-c062314 elementor-widget elementor-widget-heading\" data-id=\"c062314\" data-element_type=\"widget\" data-widget_type=\"heading.default\">\n\t\t\t\t<div class=\"elementor-widget-container\">\n\t\t\t\t\t<p class=\"elementor-heading-title elementor-size-default\">\u00c1P D\u1ee4NG, CHIA S\u1eba, KI\u1ebeM TI\u1ec0N<\/p>\t\t\t\t<\/div>\n\t\t\t\t<\/div>\n\t\t\t\t<div class=\"elementor-element elementor-element-18b8b8d elementor-widget elementor-widget-heading\" data-id=\"18b8b8d\" data-element_type=\"widget\" data-widget_type=\"heading.default\">\n\t\t\t\t<div class=\"elementor-widget-container\">\n\t\t\t\t\t<h3 class=\"elementor-heading-title elementor-size-default\">4 b\u01b0\u1edbc v\u00e0 b\u1ea1n \u0111\u00e3 kinh doanh<\/h3>\t\t\t\t<\/div>\n\t\t\t\t<\/div>\n\t\t\t\t\t<\/div>\n\t\t\t\t<\/div>\n\t\t<div class=\"elementor-element elementor-element-7d7e61e e-flex e-con-boxed e-con e-parent\" data-id=\"7d7e61e\" data-element_type=\"container\">\n\t\t\t\t\t<div class=\"e-con-inner\">\n\t\t\t\t<div class=\"elementor-element elementor-element-c769fdb elementor-widget elementor-widget-gt3-core-processbar\" data-id=\"c769fdb\" data-element_type=\"widget\" data-widget_type=\"gt3-core-processbar.default\">\n\t\t\t\t<div class=\"elementor-widget-container\">\n\t\t\t\t\t<div class=\"gt3_process_bar_container row gt3_process_bar_container--type-horizontal\"><div class=\"gt3_process_item span3 elementor-repeater-item-1a0bad4\"><div class=\"gt3_process_item__number\">1<\/div><div class=\"gt3_process_item__circle_wrapp\">\r\n\t\t\t<div class=\"gt3_process_item__circle_line_before\"><\/div>\r\n\t\t\t<div class=\"gt3_process_item__circle gt3_process_item__circle--size_small\"><\/div>\r\n\t\t\t<div class=\"gt3_process_item__circle_line_after\"><\/div>\r\n\t\t\t<\/div><div class=\"gt3_process_item__content_wrapper\"><div class=\"gt3_process_item__heading\"><h3><\/h3><\/div><div class=\"gt3_process_item__description\">Gi\u1edbi thi\u1ec7u b\u1ea3n th\u00e2n & kinh nghi\u1ec7m l\u00e0m vi\u1ec7c c\u1ee7a b\u1ea1n trong ng\u00e0nh<\/div><\/div><\/div><div class=\"gt3_process_item span3 elementor-repeater-item-c0b8883\"><div class=\"gt3_process_item__number\">2<\/div><div class=\"gt3_process_item__circle_wrapp\">\r\n\t\t\t<div class=\"gt3_process_item__circle_line_before\"><\/div>\r\n\t\t\t<div class=\"gt3_process_item__circle gt3_process_item__circle--size_normal\"><\/div>\r\n\t\t\t<div class=\"gt3_process_item__circle_line_after\"><\/div>\r\n\t\t\t<\/div><div class=\"gt3_process_item__content_wrapper\"><div class=\"gt3_process_item__heading\"><h3><\/h3><\/div><div class=\"gt3_process_item__description\">K\u00fd h\u1ee3p \u0111\u1ed3ng c\u1ed9ng t\u00e1c vi\u00ean gi\u1edbi thi\u1ec7u kh\u00e1ch h\u00e0ng v\u1edbi Boxme.<\/div><\/div><\/div><div class=\"gt3_process_item span3 elementor-repeater-item-3f83c7c\"><div class=\"gt3_process_item__number\">3<\/div><div class=\"gt3_process_item__circle_wrapp\">\r\n\t\t\t<div class=\"gt3_process_item__circle_line_before\"><\/div>\r\n\t\t\t<div class=\"gt3_process_item__circle gt3_process_item__circle--size_small\"><\/div>\r\n\t\t\t<div class=\"gt3_process_item__circle_line_after\"><\/div>\r\n\t\t\t<\/div><div class=\"gt3_process_item__content_wrapper\"><div class=\"gt3_process_item__heading\"><h3><\/h3><\/div><div class=\"gt3_process_item__description\">Gi\u1edbi thi\u1ec7u & K\u1ebft n\u1ed1i ch\u00fang t\u00f4i v\u1edbi kh\u00e1ch h\u00e0ng ti\u1ec1m n\u0103ng.<\/div><\/div><\/div><div class=\"gt3_process_item span3 elementor-repeater-item-13ec29d\"><div class=\"gt3_process_item__number\">4<\/div><div class=\"gt3_process_item__circle_wrapp\">\r\n\t\t\t<div class=\"gt3_process_item__circle_line_before\"><\/div>\r\n\t\t\t<div class=\"gt3_process_item__circle gt3_process_item__circle--size_small\"><\/div>\r\n\t\t\t<div class=\"gt3_process_item__circle_line_after\"><\/div>\r\n\t\t\t<\/div><div class=\"gt3_process_item__content_wrapper\"><div class=\"gt3_process_item__heading\"><h3><\/h3><\/div><div class=\"gt3_process_item__description\">Nh\u1eadn ngay 5.000.000 VND khi kh\u00e1ch h\u00e0ng k\u00fd h\u1ee3p \u0111\u1ed3ng.<\/div><\/div><\/div><\/div>\t\t\t\t<\/div>\n\t\t\t\t<\/div>\n\t\t\t\t\t<\/div>\n\t\t\t\t<\/div>\n\t\t<div class=\"elementor-element elementor-element-9484bfb e-flex e-con-boxed e-con e-parent\" data-id=\"9484bfb\" data-element_type=\"container\">\n\t\t\t\t\t<div class=\"e-con-inner\">\n\t\t\t\t<div class=\"elementor-element elementor-element-0acbdbf elementor-widget elementor-widget-global elementor-global-100389 elementor-global-99891 elementor-widget-heading\" data-id=\"0acbdbf\" data-element_type=\"widget\" data-widget_type=\"heading.default\">\n\t\t\t\t<div class=\"elementor-widget-container\">\n\t\t\t\t\t<p class=\"elementor-heading-title elementor-size-default\"><a href=\"https:\/\/boxme.asia\/vi\/lien-he-voi-chung-toi\/\">C\u00e2u chuy\u1ec7n th\u00e0nh c\u00f4ng<\/a><\/p>\t\t\t\t<\/div>\n\t\t\t\t<\/div>\n\t\t\t\t\t<\/div>\n\t\t\t\t<\/div>\n\t\t<div class=\"elementor-element elementor-element-f058895 e-flex e-con-boxed e-con e-parent\" data-id=\"f058895\" data-element_type=\"container\">\n\t\t\t\t\t<div class=\"e-con-inner\">\n\t\t\t\t<div class=\"elementor-element elementor-element-aca5baa elementor-widget elementor-widget-global elementor-global-100410 elementor-global-99894 elementor-widget-heading\" data-id=\"aca5baa\" data-element_type=\"widget\" data-widget_type=\"heading.default\">\n\t\t\t\t<div class=\"elementor-widget-container\">\n\t\t\t\t\t<h4 class=\"elementor-heading-title elementor-size-default\">\"Minh ch\u1ee9ng b\u1eb1ng ni\u1ec1m tin c\u1ee7a h\u00e0ng ngh\u00ecn th\u01b0\u01a1ng hi\u1ec7u \u2013 Boxme lu\u00f4n \u0111\u1ed3ng h\u00e0nh c\u00f9ng th\u00e0nh c\u00f4ng c\u1ee7a b\u1ea1n.\"<\/h4>\t\t\t\t<\/div>\n\t\t\t\t<\/div>\n\t\t\t\t\t<\/div>\n\t\t\t\t<\/div>\n\t\t<div class=\"elementor-element elementor-element-ab87d57 e-flex e-con-boxed e-con e-parent\" data-id=\"ab87d57\" data-element_type=\"container\">\n\t\t\t\t\t<div class=\"e-con-inner\">\n\t\t\t\t<div class=\"elementor-element elementor-element-0ddd5ec elementor-grid-3 elementor-grid-tablet-2 elementor-grid-mobile-1 elementor-widget elementor-widget-portfolio\" data-id=\"0ddd5ec\" data-element_type=\"widget\" data-settings=\"{&quot;columns&quot;:&quot;3&quot;,&quot;columns_tablet&quot;:&quot;2&quot;,&quot;columns_mobile&quot;:&quot;1&quot;,&quot;item_ratio&quot;:{&quot;unit&quot;:&quot;px&quot;,&quot;size&quot;:0.66,&quot;sizes&quot;:[]},&quot;item_gap&quot;:{&quot;unit&quot;:&quot;px&quot;,&quot;size&quot;:&quot;&quot;,&quot;sizes&quot;:[]},&quot;row_gap&quot;:{&quot;unit&quot;:&quot;px&quot;,&quot;size&quot;:&quot;&quot;,&quot;sizes&quot;:[]}}\" data-widget_type=\"portfolio.default\">\n\t\t\t\t<div class=\"elementor-widget-container\">\n\t\t\t\t\t\t\t<div class=\"elementor-portfolio elementor-grid elementor-posts-container\" role=\"list\">\n\t\t\t\t<article class=\"elementor-portfolio-item elementor-post  post-111625 portfolio type-portfolio status-publish has-post-thumbnail hentry\" role=\"listitem\">\n\t\t\t<a class=\"elementor-post__thumbnail__link\" href=\"https:\/\/boxme.asia\/vi\/portfolio\/zwilling\/\">\n\t\t\t\t<div class=\"elementor-portfolio-item__img elementor-post__thumbnail\">\n\t\t\t<img decoding=\"async\" width=\"300\" height=\"263\" src=\"https:\/\/boxme.asia\/wp-content\/uploads\/2025\/11\/zwilling-300x263.png\" class=\"attachment-medium size-medium wp-image-111713\" alt=\"\" srcset=\"https:\/\/boxme.asia\/wp-content\/uploads\/2025\/11\/zwilling-300x263.png 300w, https:\/\/boxme.asia\/wp-content\/uploads\/2025\/11\/zwilling-480x421.png 480w, https:\/\/boxme.asia\/wp-content\/uploads\/2025\/11\/zwilling.png 600w\" sizes=\"(max-width: 300px) 100vw, 300px\" title=\"zwilling\" \/>\t\t<\/div>\n\t\t\t\t<div class=\"elementor-portfolio-item__overlay\">\n\t\t\t\t<h3 class=\"elementor-portfolio-item__title\">\n\t\tZwilling\t\t<\/h3>\n\t\t\t\t<\/div>\n\t\t\t\t<\/a>\n\t\t<\/article>\n\t\t\t\t<article class=\"elementor-portfolio-item elementor-post  post-111270 portfolio type-portfolio status-publish has-post-thumbnail hentry\" role=\"listitem\">\n\t\t\t<a class=\"elementor-post__thumbnail__link\" href=\"https:\/\/boxme.asia\/vi\/portfolio\/yves-rocher\/\">\n\t\t\t\t<div class=\"elementor-portfolio-item__img elementor-post__thumbnail\">\n\t\t\t<img decoding=\"async\" width=\"230\" height=\"300\" src=\"https:\/\/boxme.asia\/wp-content\/uploads\/2025\/10\/Untitled-2-230x300.jpg\" class=\"attachment-medium size-medium wp-image-111336\" alt=\"\" srcset=\"https:\/\/boxme.asia\/wp-content\/uploads\/2025\/10\/Untitled-2-230x300.jpg 230w, https:\/\/boxme.asia\/wp-content\/uploads\/2025\/10\/Untitled-2-480x626.jpg 480w, https:\/\/boxme.asia\/wp-content\/uploads\/2025\/10\/Untitled-2.jpg 515w\" sizes=\"(max-width: 230px) 100vw, 230px\" title=\"Untitled-2\" \/>\t\t<\/div>\n\t\t\t\t<div class=\"elementor-portfolio-item__overlay\">\n\t\t\t\t<h3 class=\"elementor-portfolio-item__title\">\n\t\tYves Rocher\t\t<\/h3>\n\t\t\t\t<\/div>\n\t\t\t\t<\/a>\n\t\t<\/article>\n\t\t\t\t<article class=\"elementor-portfolio-item elementor-post  post-110401 portfolio type-portfolio status-publish has-post-thumbnail hentry\" role=\"listitem\">\n\t\t\t<a class=\"elementor-post__thumbnail__link\" href=\"https:\/\/boxme.asia\/vi\/portfolio\/inochi\/\">\n\t\t\t\t<div class=\"elementor-portfolio-item__img elementor-post__thumbnail\">\n\t\t\t<img loading=\"lazy\" decoding=\"async\" width=\"300\" height=\"300\" src=\"https:\/\/boxme.asia\/wp-content\/uploads\/2025\/09\/481676835_972484551685062_158747531158341375_n-300x300.jpg\" class=\"attachment-medium size-medium wp-image-110414\" alt=\"\" srcset=\"https:\/\/boxme.asia\/wp-content\/uploads\/2025\/09\/481676835_972484551685062_158747531158341375_n-300x300.jpg 300w, https:\/\/boxme.asia\/wp-content\/uploads\/2025\/09\/481676835_972484551685062_158747531158341375_n-1024x1024.jpg 1024w, https:\/\/boxme.asia\/wp-content\/uploads\/2025\/09\/481676835_972484551685062_158747531158341375_n-150x150.jpg 150w, https:\/\/boxme.asia\/wp-content\/uploads\/2025\/09\/481676835_972484551685062_158747531158341375_n-768x768.jpg 768w, https:\/\/boxme.asia\/wp-content\/uploads\/2025\/09\/481676835_972484551685062_158747531158341375_n-1536x1536.jpg 1536w, https:\/\/boxme.asia\/wp-content\/uploads\/2025\/09\/481676835_972484551685062_158747531158341375_n-480x480.jpg 480w\" sizes=\"(max-width: 300px) 100vw, 300px\" title=\"481676835_972484551685062_158747531158341375_n\" \/>\t\t<\/div>\n\t\t\t\t<div class=\"elementor-portfolio-item__overlay\">\n\t\t\t\t<h3 class=\"elementor-portfolio-item__title\">\n\t\tInochi\t\t<\/h3>\n\t\t\t\t<\/div>\n\t\t\t\t<\/a>\n\t\t<\/article>\n\t\t\t\t<\/div>\n\t\t\t\t\t\t<\/div>\n\t\t\t\t<\/div>\n\t\t\t\t\t<\/div>\n\t\t\t\t<\/div>\n\t\t<div class=\"elementor-element elementor-element-088f21d e-flex e-con-boxed e-con e-parent\" data-id=\"088f21d\" data-element_type=\"container\">\n\t\t\t\t\t<div class=\"e-con-inner\">\n\t\t\t\t<div class=\"elementor-element elementor-element-40909da elementor-widget elementor-widget-global elementor-global-111233 elementor-widget-heading\" data-id=\"40909da\" data-element_type=\"widget\" data-widget_type=\"heading.default\">\n\t\t\t\t<div class=\"elementor-widget-container\">\n\t\t\t\t\t<h3 class=\"elementor-heading-title elementor-size-default\">T\u0103ng tr\u01b0\u1edfng kinh doanh c\u00f9ng Boxme<\/h3>\t\t\t\t<\/div>\n\t\t\t\t<\/div>\n\t\t\t\t\t<\/div>\n\t\t\t\t<\/div>\n\t\t<div class=\"elementor-element elementor-element-e2b7d0c e-flex e-con-boxed e-con e-parent\" data-id=\"e2b7d0c\" data-element_type=\"container\">\n\t\t\t\t\t<div class=\"e-con-inner\">\n\t\t\t\t<div class=\"elementor-element elementor-element-db8f7ae elementor-widget elementor-widget-global elementor-global-111236 elementor-widget-heading\" data-id=\"db8f7ae\" data-element_type=\"widget\" data-widget_type=\"heading.default\">\n\t\t\t\t<div class=\"elementor-widget-container\">\n\t\t\t\t\t<h4 class=\"elementor-heading-title elementor-size-default\">\u0110\u0103ng k\u00fd t\u01b0 v\u1ea5n mi\u1ec5n ph\u00ed ngay \u0111\u1ec3 th\u00fac \u0111\u1ea9y t\u0103ng tr\u01b0\u1edfng cho doanh nghi\u1ec7p c\u1ee7a b\u1ea1n<\/h4>\t\t\t\t<\/div>\n\t\t\t\t<\/div>\n\t\t\t\t\t<\/div>\n\t\t\t\t<\/div>\n\t\t<div class=\"elementor-element elementor-element-d0a5228 e-flex e-con-boxed e-con e-parent\" data-id=\"d0a5228\" data-element_type=\"container\">\n\t\t\t\t\t<div class=\"e-con-inner\">\n\t\t\t\t<div class=\"elementor-element elementor-element-0993ff2 elementor-align-center elementor-widget elementor-widget-global elementor-global-100382 elementor-global-99900 elementor-widget-button\" data-id=\"0993ff2\" data-element_type=\"widget\" data-widget_type=\"button.default\">\n\t\t\t\t<div class=\"elementor-widget-container\">\n\t\t\t\t\t\t\t\t\t<div class=\"elementor-button-wrapper\">\n\t\t\t\t\t<a class=\"elementor-button elementor-button-link elementor-size-sm\" href=\"https:\/\/boxme.asia\/vi\/lien-he-voi-chung-toi\/\">\n\t\t\t\t\t\t<span class=\"elementor-button-content-wrapper\">\n\t\t\t\t\t\t\t\t\t<span class=\"elementor-button-text\">Li\u00ean h\u1ec7 v\u1edbi ch\u00fang t\u00f4i<\/span>\n\t\t\t\t\t<\/span>\n\t\t\t\t\t<\/a>\n\t\t\t\t<\/div>\n\t\t\t\t\t\t\t\t<\/div>\n\t\t\t\t<\/div>\n\t\t\t\t\t<\/div>\n\t\t\t\t<\/div>\n\t\t\t\t<\/div>\n\t\t","protected":false},"excerpt":{"rendered":"<p>Ki\u1ebfm ti\u1ec1n v\u1edbi ch\u01b0\u01a1ng tr\u00ecnh li\u00ean k\u1ebft c\u1ee7a Boxme Ch\u01b0\u01a1ng tr\u00ecnh li\u00ean k\u1ebft c\u1ee7a Boxme l\u00e0 c\u01a1 h\u1ed9i ho\u00e0n h\u1ea3o cho nh\u1eefng ai l\u00e0m vi\u1ec7c v\u1edbi c\u00e1c th\u01b0\u01a1ng hi\u1ec7u th\u01b0\u01a1ng m\u1ea1i \u0111i\u1ec7n t\u1eed v\u1eeba v\u00e0 nh\u1ecf. Cho d\u00f9 b\u1ea1n l\u00e0 ng\u01b0\u1eddi c\u00f3 s\u1ee9c \u1ea3nh h\u01b0\u1edfng trong th\u01b0\u01a1ng m\u1ea1i \u0111i\u1ec7n t\u1eed, KOL, \u0111i\u1ec1u h\u00e0nh m\u1ed9t c\u00f4ng [&hellip;]<\/p>\n","protected":false},"author":1,"featured_media":0,"parent":0,"menu_order":0,"comment_status":"closed","ping_status":"closed","template":"","meta":{"inline_featured_image":false,"footnotes":""},"class_list":["post-98870","page","type-page","status-publish","hentry"],"_links":{"self":[{"href":"https:\/\/boxme.asia\/vi\/wp-json\/wp\/v2\/pages\/98870","targetHints":{"allow":["GET"]}}],"collection":[{"href":"https:\/\/boxme.asia\/vi\/wp-json\/wp\/v2\/pages"}],"about":[{"href":"https:\/\/boxme.asia\/vi\/wp-json\/wp\/v2\/types\/page"}],"author":[{"embeddable":true,"href":"https:\/\/boxme.asia\/vi\/wp-json\/wp\/v2\/users\/1"}],"replies":[{"embeddable":true,"href":"https:\/\/boxme.asia\/vi\/wp-json\/wp\/v2\/comments?post=98870"}],"version-history":[{"count":29,"href":"https:\/\/boxme.asia\/vi\/wp-json\/wp\/v2\/pages\/98870\/revisions"}],"predecessor-version":[{"id":111241,"href":"https:\/\/boxme.asia\/vi\/wp-json\/wp\/v2\/pages\/98870\/revisions\/111241"}],"wp:attachment":[{"href":"https:\/\/boxme.asia\/vi\/wp-json\/wp\/v2\/media?parent=98870"}],"curies":[{"name":"wp","href":"https:\/\/api.w.org\/{rel}","templated":true}]}}