{"id":97493,"date":"2025-07-27T20:27:15","date_gmt":"2025-07-27T13:27:15","guid":{"rendered":"https:\/\/boxme.asia\/chinh-sach-san-pham\/"},"modified":"2025-08-25T15:10:37","modified_gmt":"2025-08-25T08:10:37","slug":"product-policies","status":"publish","type":"page","link":"https:\/\/boxme.asia\/vi\/product-policies\/","title":{"rendered":"Ch\u00ednh s\u00e1ch s\u1ea3n ph\u1ea9m"},"content":{"rendered":"\t\t<div data-elementor-type=\"wp-page\" data-elementor-id=\"97493\" class=\"elementor elementor-97493 elementor-96342\" data-elementor-post-type=\"page\">\n\t\t\t\t<div class=\"elementor-element elementor-element-8027851 e-con-full e-flex e-con e-parent\" data-id=\"8027851\" data-element_type=\"container\">\n\t\t<div class=\"elementor-element elementor-element-bc3cbd3 e-con-full e-flex e-con e-child\" data-id=\"bc3cbd3\" data-element_type=\"container\" data-settings=\"{&quot;background_background&quot;:&quot;classic&quot;}\">\n\t\t\t\t<div class=\"elementor-element elementor-element-f71f8f1 elementor-widget elementor-widget-heading\" data-id=\"f71f8f1\" data-element_type=\"widget\" data-widget_type=\"heading.default\">\n\t\t\t\t<div class=\"elementor-widget-container\">\n\t\t\t\t\t<h1 class=\"elementor-heading-title elementor-size-default\">Ch\u00ednh s\u00e1ch s\u1ea3n ph\u1ea9m<\/h1>\t\t\t\t<\/div>\n\t\t\t\t<\/div>\n\t\t\t\t<\/div>\n\t\t\t\t<\/div>\n\t\t<div class=\"elementor-element elementor-element-cd6a4e7 e-flex e-con-boxed e-con e-parent\" data-id=\"cd6a4e7\" data-element_type=\"container\">\n\t\t\t\t\t<div class=\"e-con-inner\">\n\t\t\t\t<div class=\"elementor-element-custom_font_size elementor-element-custom_font_weight elementor-element elementor-element-6c89de5 elementor-widget elementor-widget-text-editor\" data-id=\"6c89de5\" data-element_type=\"widget\" data-widget_type=\"text-editor.default\">\n\t\t\t\t<div class=\"elementor-widget-container\">\n\t\t\t\t\t\t\t\t\t<h1 data-zone-id=\"0\" data-line-index=\"0\" data-line=\"true\"><strong>Ch\u00ednh s\u00e1ch s\u1ea3n ph\u1ea9m c\u1ee7a Boxme<\/strong><\/h1><h1 data-zone-id=\"0\" data-line-index=\"0\" data-line=\"true\"><strong style=\"text-align: var(--text-align); color: #696687; font-size: 18px;\">C\u00f3 hi\u1ec7u l\u1ef1c \u0111\u1ed1i v\u1edbi t\u1ea5t c\u1ea3 h\u00e0ng t\u1ed3n kho \u0111\u1ea7u v\u00e0o \u0111\u01b0\u1ee3c ti\u1ebfp nh\u1eadn v\u00e0 l\u01b0u tr\u1eef t\u1ea1i Trung t\u00e2m ho\u00e0n t\u1ea5t \u0111\u01a1n h\u00e0ng Boxme.<\/strong><\/h1><div>C\u1eadp nh\u1eadt l\u1ea7n cu\u1ed1i: 01\/08\/2025<strong style=\"text-align: var(--text-align); color: #696687; font-size: 18px;\"><br><\/strong><\/div><div data-zone-id=\"0\" data-line-index=\"1\" data-line=\"true\"> <\/div><div data-zone-id=\"0\" data-line-index=\"2\" data-line=\"true\"><strong>1. Nguy\u00ean t\u1eafc chung<\/strong><\/div><div data-zone-id=\"0\" data-line-index=\"11\" data-line=\"true\"><div data-zone-id=\"0\" data-line-index=\"0\" data-line=\"true\">Boxme ch\u1ec9 ch\u1ea5p nh\u1eadn h\u00e0ng t\u1ed3n kho \u0111\u00e1p \u1ee9ng c\u00e1c ti\u00eau chu\u1ea9n nh\u1eadp h\u00e0ng \u0111\u1ec3 \u0111\u1ea3m b\u1ea3o ch\u1ea5t l\u01b0\u1ee3ng l\u01b0u tr\u1eef v\u00e0 hi\u1ec7u qu\u1ea3 ho\u1ea1t \u0111\u1ed9ng.<\/div><div data-zone-id=\"0\" data-line-index=\"1\" data-line=\"true\"><strong>H\u00e0ng h\u00f3a kh\u00f4ng \u0111\u00e1p \u1ee9ng c\u00e1c ti\u00eau chu\u1ea9n n\u00e0y l\u00e0:<\/strong><\/div><ul><li class=\"temp-li bullet1\" data-line=\"true\" data-list=\"bullet1\">T\u00f9y thu\u1ed9c v\u00e0o d\u1ecbch v\u1ee5 ch\u1ec9nh s\u1eeda (c\u00f3 t\u00ednh ph\u00ed b\u1ed5 sung) ho\u1eb7c<\/li><\/ul><ul><li class=\"temp-li bullet1\" data-line=\"true\" data-list=\"bullet1\">B\u1ecb t\u1eeb ch\u1ed1i l\u01b0u tr\u1eef.<\/li><\/ul><div data-zone-id=\"0\" data-line-index=\"4\" data-line=\"true\"><strong>Boxme c\u00f3 quy\u1ec1n t\u1eeb ch\u1ed1i:<\/strong><\/div><ul><li class=\"temp-li bullet1\" data-line=\"true\" data-list=\"bullet1\">S\u1ea3n ph\u1ea9m kh\u00f4ng c\u00f3 ngu\u1ed3n g\u1ed1c r\u00f5 r\u00e0ng ho\u1eb7c kh\u00f4ng c\u00f3 gi\u1ea5y t\u1edd ph\u00e1p l\u00fd b\u1eaft bu\u1ed9c.<\/li><\/ul><ul><li class=\"temp-li bullet1\" data-line=\"true\" data-list=\"bullet1\">C\u00e1c m\u1eb7t h\u00e0ng y\u00eau c\u1ea7u \u0111i\u1ec1u ki\u1ec7n b\u1ea3o qu\u1ea3n \u0111\u1eb7c bi\u1ec7t v\u01b0\u1ee3t qu\u00e1 ph\u1ea1m vi d\u1ecbch v\u1ee5 ti\u00eau chu\u1ea9n c\u1ee7a ch\u00fang t\u00f4i (v\u00ed d\u1ee5: h\u00e0ng h\u00f3a \u0111\u00f4ng l\u1ea1nh ho\u1eb7c l\u1ea1nh).<\/li><\/ul><ul><li class=\"temp-li bullet1\" data-line=\"true\" data-list=\"bullet1\">S\u1ea3n ph\u1ea9m \u0111\u01b0\u1ee3c li\u1ec7t k\u00ea l\u00e0 h\u00e0ng h\u00f3a b\u1ecb c\u1ea5m ho\u1eb7c h\u1ea1n ch\u1ebf theo lu\u1eadt ph\u00e1p \u0111\u1ecba ph\u01b0\u01a1ng v\u00e0 ch\u00ednh s\u00e1ch tu\u00e2n th\u1ee7 s\u1ea3n ph\u1ea9m c\u1ee7a Boxme.<\/li><\/ul><\/div><div data-zone-id=\"0\" data-line-index=\"12\" data-line=\"true\"><strong>2. Y\u00eau c\u1ea7u b\u1eaft bu\u1ed9c v\u1ec1 \u0111\u1ea7u v\u00e0o<\/strong><\/div><div data-zone-id=\"0\" data-line-index=\"32\" data-line=\"true\"><table><thead><tr><th>M\u00f4 t\u1ea3<\/th> <th width=\"25%\">y\u00eau c\u1ea7u<\/th><\/tr><\/thead><tbody><tr><td><strong>T\u00ecnh tr\u1ea1ng m\u1edbi<\/strong><\/td> <td>C\u00e1c m\u1eb7t h\u00e0ng ph\u1ea3i ho\u00e0n to\u00e0n m\u1edbi, c\u00f3 bao b\u00ec, ni\u00eam phong v\u00e0 nh\u00e3n m\u00e1c c\u1ee7a nh\u00e0 s\u1ea3n xu\u1ea5t c\u00f2n nguy\u00ean v\u1eb9n.<\/td><\/tr><tr><td><strong>Ng\u00e0y h\u1ebft h\u1ea1n<\/strong><\/td><td>S\u1ea3n ph\u1ea9m ph\u1ea3i c\u00f2n h\u1ea1n s\u1eed d\u1ee5ng \u00edt nh\u1ea5t 6 th\u00e1ng. C\u00e1c tr\u01b0\u1eddng h\u1ee3p ngo\u1ea1i l\u1ec7 ph\u1ea3i \u0111\u01b0\u1ee3c ng\u01b0\u1eddi b\u00e1n ch\u1ea5p thu\u1eadn tr\u01b0\u1edbc. <\/td><\/tr><tr><td><strong>T\u00e0i li\u1ec7u<\/strong><\/td> <td>Ph\u1ea3i cung c\u1ea5p h\u00f3a \u0111\u01a1n th\u01b0\u01a1ng m\u1ea1i \u0111\u1ea7y \u0111\u1ee7, nh\u00e3n v\u1eadn chuy\u1ec3n v\u00e0 y\u00eau c\u1ea7u nh\u1eadp h\u00e0ng (ASN).<\/td><\/tr><tr><td><strong>Nh\u00e3n ph\u1ee5<\/strong><\/td> <td>S\u1ea3n ph\u1ea9m nh\u1eadp kh\u1ea9u ph\u1ea3i c\u00f3 nh\u00e3n ph\u1ee5 \u0111\u1ecba ph\u01b0\u01a1ng tu\u00e2n th\u1ee7, hi\u1ec3n th\u1ecb th\u00f4ng tin b\u1eaft bu\u1ed9c.<\/td><\/tr><tr><td><strong>M\u00e3 v\u1ea1ch<\/strong><\/td> <td>T\u1ea5t c\u1ea3 SKU ph\u1ea3i c\u00f3 m\u00e3 v\u1ea1ch c\u00f3 th\u1ec3 qu\u00e9t \u0111\u01b0\u1ee3c (EAN\/UPC ho\u1eb7c m\u00e3 n\u1ed9i b\u1ed9).<\/td><\/tr><tr><td><strong>Ki\u1ec3m tra<\/strong><\/td> <td>T\u1ea5t c\u1ea3 c\u00e1c m\u1eb7t h\u00e0ng nh\u1eadp kh\u1ea9u \u0111\u1ec1u ph\u1ea3i \u0111\u01b0\u1ee3c x\u00e1c minh s\u1ed1 l\u01b0\u1ee3ng v\u00e0 ki\u1ec3m tra ch\u1ea5t l\u01b0\u1ee3ng tr\u1ef1c quan.<\/td><\/tr><tr><td><strong>C\u00e1c m\u1eb7t h\u00e0ng b\u1ecb c\u1ea5m<\/strong><\/td> <td>C\u00e1c m\u1eb7t h\u00e0ng kh\u00f4ng \u0111\u01b0\u1ee3c n\u1eb1m trong danh m\u1ee5c b\u1ecb h\u1ea1n ch\u1ebf (xem Danh s\u00e1ch h\u00e0ng b\u1ecb c\u1ea5m c\u1ee7a Boxme).<\/td><\/tr><tr><td><strong>Ph\u00e2n t\u00e1ch l\u00f4 theo ng\u00e0y<\/strong><\/td><td>C\u00e1c m\u1eb7t h\u00e0ng c\u00f3 h\u1ea1n s\u1eed d\u1ee5ng kh\u00e1c nhau ph\u1ea3i \u0111\u01b0\u1ee3c \u0111\u00f3ng g\u00f3i ri\u00eang. N\u1ebfu tr\u1ed9n l\u1eabn, h\u00e3y bao g\u1ed3m danh s\u00e1ch \u0111\u00f3ng g\u00f3i b\u00ean ngo\u00e0i v\u00e0 ph\u00e2n lo\u1ea1i v\u1eadt l\u00fd (v\u00ed d\u1ee5: m\u00e0ng b\u1ecdc\/t\u1ea5m ng\u0103n) \u0111\u1ec3 d\u1ec5 d\u00e0ng nh\u1eadn d\u1ea1ng. <\/td><\/tr><tr><td><strong>Nh\u00e3n h\u1ea1n s\u1eed d\u1ee5ng b\u00ean ngo\u00e0i<\/strong><\/td> <td>N\u1ebfu ng\u00e0y h\u1ea1n s\u1eed d\u1ee5ng ch\u1ec9 \u0111\u01b0\u1ee3c in b\u00ean trong bao b\u00ec, b\u1ea1n ph\u1ea3i d\u00e1n th\u00eam m\u1ed9t nh\u00e3n h\u1ea1n s\u1eed d\u1ee5ng b\u00ean ngo\u00e0i.<\/td><\/tr><\/tbody><\/table><\/div><div data-zone-id=\"0\" data-line-index=\"33\" data-line=\"true\"> <\/div><div data-zone-id=\"0\" data-line-index=\"34\" data-line=\"true\"><strong>3. Ph\u00e2n lo\u1ea1i s\u1ea3n ph\u1ea9m theo t\u00ecnh tr\u1ea1ng v\u1eadt l\u00fd<\/strong><\/div><div data-zone-id=\"0\" data-line-index=\"34\" data-line=\"true\"><table><thead><tr><th>M\u00f4 t\u1ea3<\/th> <th width=\"25%\">lo\u1ea1i<\/th><\/tr><\/thead><tbody><tr><td><strong>Lo\u1ea1i A<\/strong><\/td> <td>M\u1edbi, kh\u00f4ng b\u1ecb h\u01b0 h\u1ea1i, \u0111\u00e1p \u1ee9ng m\u1ecdi ti\u00eau chu\u1ea9n v\u1ec1 h\u00ecnh \u1ea3nh v\u00e0 bao b\u00ec.<\/td><\/tr><tr><td><strong>Lo\u1ea1i D1 (H\u01b0 h\u1ecfng nh\u1eb9)<\/strong><\/td> <td>H\u1ed9p c\u00f3 v\u1ebft l\u00f5m\/tr\u1ea7y x\u01b0\u1edbc nh\u1eb9; ni\u00eam phong s\u1ea3n ph\u1ea9m b\u00ean trong v\u1eabn c\u00f2n nguy\u00ean v\u1eb9n.<\/td><\/tr><tr><td><strong>Lo\u1ea1i D2 (H\u01b0 h\u1ecfng v\u1eeba ph\u1ea3i)<\/strong><\/td> <td>H\u1ed9p b\u1ecb h\u01b0 h\u1ecfng \u0111\u00e1ng k\u1ec3, m\u1ea5t ni\u00eam phong ho\u1eb7c m\u1ea5t m\u1ed9t s\u1ed1 b\u1ed9 ph\u1eadn, nh\u01b0ng s\u1ea3n ph\u1ea9m v\u1eabn ho\u1ea1t \u0111\u1ed9ng \u0111\u01b0\u1ee3c.<\/td><\/tr><tr><td><strong>Lo\u1ea1i D3 (H\u01b0 h\u1ecfng nghi\u00eam tr\u1ecdng)<\/strong><\/td> <td>S\u1ea3n ph\u1ea9m b\u00ean trong b\u1ecb h\u1ecfng, bi\u1ebfn d\u1ea1ng, tr\u1ee5c tr\u1eb7c ho\u1eb7c c\u00f3 l\u1ed7i r\u00f5 r\u00e0ng.<\/td><\/tr><\/tbody><\/table><\/div><div data-zone-id=\"0\" data-line-index=\"45\" data-line=\"true\"> <\/div><div data-zone-id=\"0\" data-line-index=\"46\" data-line=\"true\"><strong>4. Ti\u00eau chu\u1ea9n l\u01b0u tr\u1eef v\u00e0 v\u1ecb tr\u00ed k\u1ec7<\/strong><\/div><ul><li class=\"temp-li bullet1\" data-line=\"true\" data-list=\"bullet1\">H\u00e0ng h\u00f3a ph\u1ea3i \u0111\u01b0\u1ee3c \u0111\u00f3ng g\u00f3i trong th\u00f9ng carton ho\u1eb7c h\u1ed9p c\u1ee7a nh\u00e0 s\u1ea3n xu\u1ea5t \u0111\u1ec3 tr\u00e1nh ti\u1ebfp x\u00fac v\u1edbi b\u1ee5i ho\u1eb7c \u0111\u1ed9 \u1ea9m.<\/li><\/ul><ul><li class=\"temp-li bullet1\" data-line=\"true\" data-list=\"bullet1\">V\u1ea3i ho\u1eb7c v\u1eadt li\u1ec7u d\u1ec5 b\u00e1m b\u1ee5i ph\u1ea3i \u0111\u01b0\u1ee3c b\u1ecdc trong t\u00fai ni l\u00f4ng.<\/li><\/ul><ul><li class=\"temp-li bullet1\" data-line=\"true\" data-list=\"bullet1\">C\u00e1c v\u1eadt d\u1ee5ng r\u1eddi n\u00ean \u0111\u01b0\u1ee3c nh\u00f3m th\u00e0nh b\u00f3 g\u1ed3m 5 ho\u1eb7c 10 v\u1eadt d\u1ee5ng b\u1eb1ng d\u00e2y chun ho\u1eb7c d\u00e2y bu\u1ed9c \u0111\u1ec3 d\u1ec5 \u0111\u1ebfm.<\/li><\/ul><ul><li class=\"temp-li bullet1\" data-line=\"true\" data-list=\"bullet1\">C\u00e1c m\u1eb7t h\u00e0ng ph\u1ea3i \u0111\u01b0\u1ee3c ph\u00e2n lo\u1ea1i theo ng\u00e0y h\u1ebft h\u1ea1n v\u00e0 kh\u00f4ng \u0111\u01b0\u1ee3c \u0111\u1ec3 l\u1eabn trong c\u00f9ng m\u1ed9t \u0111\u1ecba \u0111i\u1ec3m.<\/li><\/ul><ul><li class=\"temp-li bullet1\" data-line=\"true\" data-list=\"bullet1\">S\u1ea3n ph\u1ea9m ph\u1ea3i \u0111\u01b0\u1ee3c \u0111\u1eb7t th\u1eb3ng \u0111\u1ee9ng ho\u1eb7c theo h\u01b0\u1edbng ch\u1ec9 \u0111\u1ecbnh \u0111\u1ec3 tr\u00e1nh r\u00f2 r\u1ec9 ho\u1eb7c h\u01b0 h\u1ecfng theo h\u01b0\u1edbng d\u1eabn x\u1eed l\u00fd c\u1ee7a nh\u00e0 s\u1ea3n xu\u1ea5t.<\/li><\/ul><ul><li class=\"temp-li bullet1\" data-line=\"true\" data-list=\"bullet1\">H\u00e0ng t\u1ed3n kho ph\u1ea3i \u0111\u01b0\u1ee3c \u0111\u1eb7t tr\u00ean gi\u00e1 \u0111\u1ee1 ho\u1eb7c pallet \u2013 kh\u00f4ng \u0111\u01b0\u1ee3c ph\u00e9p l\u01b0u tr\u1eef tr\u1ef1c ti\u1ebfp tr\u00ean s\u00e0n.<\/li><\/ul><div data-zone-id=\"0\" data-line-index=\"53\" data-line=\"true\"> <\/div><div data-zone-id=\"0\" data-line-index=\"54\" data-line=\"true\"><strong>5. Y\u00eau c\u1ea7u x\u1eed l\u00fd c\u1ee5 th\u1ec3 cho s\u1ea3n ph\u1ea9m<\/strong><\/div><div data-zone-id=\"0\" data-line-index=\"55\" data-line=\"true\"><strong>5.1. M\u1ef9 ph\u1ea9m, Th\u1ef1c ph\u1ea9m b\u1ed5 sung<\/strong><\/div><div data-zone-id=\"0\" data-line-index=\"56\" data-line=\"true\"><strong>a. C\u00e1c m\u1eb7t h\u00e0ng c\u00f3 n\u1eafp b\u01a1m, n\u1eafp v\u1eb7n ho\u1eb7c b\u00ecnh \u0111\u1ef1ng <\/strong><\/div><ul><li class=\"temp-li bullet1\" data-line=\"true\" data-list=\"bullet1\">S\u1ea3n ph\u1ea9m ph\u1ea3i \u0111\u01b0\u1ee3c ni\u00eam phong b\u1eb1ng m\u00e0ng co ho\u1eb7c b\u0103ng d\u00ednh \u0111\u1ec3 tr\u00e1nh r\u00f2 r\u1ec9 ho\u1eb7c m\u1edf ra ngo\u00e0i trong qu\u00e1 tr\u00ecnh v\u1eadn chuy\u1ec3n.<\/li><\/ul><ul><li class=\"temp-li bullet1\" data-line=\"true\" data-list=\"bullet1\">\u0110\u1ed1i v\u1edbi c\u00e1c lo\u1ea1i b\u00ecnh x\u1ecbt d\u1ec5 v\u1ee1 (v\u00ed d\u1ee5: b\u01a1m x\u1ecbt), h\u00e3y b\u1ea3o v\u1ec7 b\u1eb1ng v\u1eadt li\u1ec7u b\u1ea3o v\u1ec7 b\u1ed5 sung (v\u00ed d\u1ee5: m\u00e0ng co, m\u00e0ng x\u1ed1p bong b\u00f3ng).<\/li><\/ul><div data-zone-id=\"0\" data-line-index=\"59\" data-line=\"true\"><blockquote><p>L\u01b0u \u00fd: \u0110\u1ed1i v\u1edbi n\u1eafp l\u1eadt ho\u1eb7c n\u1eafp xo\u1eafn, ng\u01b0\u1eddi b\u00e1n n\u00ean theo d\u00f5i t\u1ef7 l\u1ec7 v\u1ee1 v\u00e0 c\u00e2n nh\u1eafc gia c\u1ed1 bao b\u00ec, m\u1eb7c d\u00f9 \u0111i\u1ec1u n\u00e0y l\u00e0 t\u00f9y ch\u1ecdn.<\/p><\/blockquote><\/div><div data-zone-id=\"0\" data-line-index=\"60\" data-line=\"true\"><strong>b. H\u00e0ng h\u00f3a nh\u1eadp kh\u1ea9u c\u00f3 nh\u00e3n m\u00e1c n\u01b0\u1edbc ngo\u00e0i <\/strong><\/div><ul><li data-zone-id=\"0\" data-line-index=\"60\" data-line=\"true\"><span>Ph\u1ea3i d\u00e1n nh\u00e3n ph\u1ee5 ti\u1ebfng Vi\u1ec7t theo quy \u0111\u1ecbnh tr\u01b0\u1edbc khi l\u01b0u tr\u1eef.<\/span><\/li><li data-zone-id=\"0\" data-line-index=\"60\" data-line=\"true\"><strong data-start=\"4111\" data-end=\"4133\">Y\u00eau c\u1ea7u v\u1ec1 nh\u00e3n<\/strong> <span>:<\/span><ul><li data-zone-id=\"0\" data-line-index=\"60\" data-line=\"true\"><span>C\u1ee1 ch\u1eef v\u00e0 m\u00e0u s\u1eafc r\u00f5 r\u00e0ng, d\u1ec5 \u0111\u1ecdc.<\/span><\/li><li data-zone-id=\"0\" data-line-index=\"60\" data-line=\"true\"><span>Th\u00f4ng tin b\u1eaft bu\u1ed9c b\u1eb1ng ti\u1ebfng Vi\u1ec7t: t\u00ean s\u1ea3n ph\u1ea9m, c\u00f4ng ty ch\u1ecbu tr\u00e1ch nhi\u1ec7m, xu\u1ea5t x\u1ee9, h\u01b0\u1edbng d\u1eabn s\u1eed d\u1ee5ng, c\u1ea3nh b\u00e1o, ng\u00e0y s\u1ea3n xu\u1ea5t\/h\u1ea1n s\u1eed d\u1ee5ng, kh\u1ed1i l\u01b0\u1ee3ng t\u1ecbnh.<\/span><\/li><li data-zone-id=\"0\" data-line-index=\"60\" data-line=\"true\"><span>Kh\u00f4ng \u0111\u01b0\u1ee3c che khu\u1ea5t n\u1ed9i dung nh\u00e3n g\u1ed1c.<\/span><\/li><li data-zone-id=\"0\" data-line-index=\"60\" data-line=\"true\"><span>V\u1ecb tr\u00ed d\u00e1n nh\u00e3n ph\u1ea3i \u0111\u01b0\u1ee3c x\u00e1c nh\u1eadn v\u1edbi ng\u01b0\u1eddi b\u00e1n ho\u1eb7c nh\u00f3m v\u1eadn h\u00e0nh Boxme.<\/span><\/li><\/ul><\/li><\/ul><div data-zone-id=\"0\" data-line-index=\"68\" data-line=\"true\"><strong>5.2. Thi\u1ebft b\u1ecb gia d\u1ee5ng, \u0110i\u1ec7n t\u1eed ti\u00eau d\u00f9ng<\/strong><\/div><div data-zone-id=\"0\" data-line-index=\"69\" data-line=\"true\"><strong>a. S\u1ea3n ph\u1ea9m c\u00f3 tay c\u1ea7m ho\u1eb7c b\u1ed9 ph\u1eadn d\u1ec5 v\u1ee1 (kh\u00f4ng c\u00f2n trong h\u1ed9p ban \u0111\u1ea7u) <\/strong><\/div><ul><li class=\"temp-li bullet1\" data-line=\"true\" data-list=\"bullet1\">Ph\u1ea3i ki\u1ec3m tra b\u1eb1ng m\u1eaft th\u01b0\u1eddng v\u00e0 x\u00e1c nh\u1eadn c\u00f2n nguy\u00ean v\u1eb9n tr\u01b0\u1edbc khi l\u01b0u tr\u1eef.<\/li><\/ul><ul><li class=\"temp-li bullet1\" data-line=\"true\" data-list=\"bullet1\">\u0110\u01b0\u1ee3c b\u1ecdc trong \u00edt nh\u1ea5t hai l\u1edbp m\u00e0ng bong b\u00f3ng ho\u1eb7c m\u00e0ng PE \u0111\u1ec3 che ph\u1ee7 ho\u00e0n to\u00e0n c\u00e1c ph\u1ea7n ti\u1ebfp x\u00fac.<\/li><\/ul><ul><li class=\"temp-li bullet1\" data-line=\"true\" data-list=\"bullet1\">Ph\u1ea3i d\u00e1n m\u00e3 v\u1ea1ch <strong>sau khi g\u00f3i<\/strong> .<\/li><\/ul><ul><li class=\"temp-li bullet1\" data-line=\"true\" data-list=\"bullet1\">Bao b\u00ec cu\u1ed1i c\u00f9ng ph\u1ea3i \u0111\u01b0\u1ee3c \u0111\u00f3ng trong th\u00f9ng carton.<\/li><\/ul><div data-zone-id=\"0\" data-line-index=\"74\" data-line=\"true\"><strong>b. H\u1ed9p \u0111\u01b0\u1ee3c ni\u00eam phong t\u1ea1i nh\u00e0 m\u00e1y (\u0111\u01b0\u1ee3c \u0111\u00f3ng g\u00f3i s\u1eb5n b\u1edfi nh\u00e0 s\u1ea3n xu\u1ea5t) <\/strong><\/div><ul><li data-zone-id=\"0\" data-line-index=\"74\" data-line=\"true\"><span>Kh\u00f4ng c\u1ea7n \u0111\u00f3ng g\u00f3i l\u1ea1i. Boxme ch\u1ec9 ch\u1ecbu tr\u00e1ch nhi\u1ec7m v\u1eadn chuy\u1ec3n. <\/span><\/li><li data-zone-id=\"0\" data-line-index=\"74\" data-line=\"true\"><span>C\u00e1c m\u1eb7t h\u00e0ng ph\u1ea3i:<\/span><ul><li data-zone-id=\"0\" data-line-index=\"74\" data-line=\"true\"><span>Nh\u00ecn b\u1ec1 ngo\u00e0i kh\u00f4ng b\u1ecb h\u01b0 h\u1ea1i v\u00e0 s\u1ea1ch s\u1ebd.<\/span><\/li><li data-zone-id=\"0\" data-line-index=\"74\" data-line=\"true\"><span>\u0110\u01b0\u1ee3c b\u1ea3o v\u1ec7 b\u00ean trong (v\u00ed d\u1ee5, b\u1eb1ng x\u1ed1p, mi\u1ebfng ch\u00e8n).<\/span><\/li><li data-zone-id=\"0\" data-line-index=\"74\" data-line=\"true\"><span>Ch\u1eafc ch\u1eafn v\u00e0 \u0111\u01b0\u1ee3c ni\u00eam phong an to\u00e0n.<\/span><\/li><\/ul><\/li><\/ul><div data-zone-id=\"0\" data-line-index=\"80\" data-line=\"true\"> <\/div><div data-zone-id=\"0\" data-line-index=\"81\" data-line=\"true\"><strong>5.3. Th\u1eddi trang, Trang ph\u1ee5c, Gi\u00e0y d\u00e9p, \u0110\u1ed3 gi\u01b0\u1eddng<\/strong><\/div><ul><li class=\"temp-li bullet1\" data-line=\"true\" data-list=\"bullet1\">Ph\u1ea3i \u0111\u01b0\u1ee3c ni\u00eam phong trong h\u1ed9p ho\u1eb7c nh\u1ef1a trong su\u1ed1t; c\u00e1c v\u1eadt d\u1ee5ng kh\u00f4ng \u0111\u01b0\u1ee3c \u0111\u1ec3 l\u1ed9 ra ngo\u00e0i.<\/li><\/ul><ul><li class=\"temp-li bullet1\" data-line=\"true\" data-list=\"bullet1\">S\u1ea3n ph\u1ea9m ph\u1ea3i s\u1ea1ch s\u1ebd, kh\u00f4ng b\u1ecb h\u01b0 h\u1ecfng v\u00e0 kh\u00f4ng c\u00f3 v\u1ebft b\u1ea9n ho\u1eb7c d\u1ea5u hi\u1ec7u hao m\u00f2n n\u00e0o.<\/li><\/ul><div data-zone-id=\"0\" data-line-index=\"84\" data-line=\"true\"> <\/div><div data-zone-id=\"0\" data-line-index=\"85\" data-line=\"true\"><strong>5.4. S\u1ea3n ph\u1ea9m c\u00f3 gi\u00e1 tr\u1ecb cao (\u0110\u1ed3 \u0111i\u1ec7n t\u1eed, \u0110\u1ed3 gia d\u1ee5ng)<\/strong><\/div><ul><li class=\"temp-li bullet1\" data-line=\"true\" data-list=\"bullet1\">Ph\u1ea3i l\u00e0 h\u00e0ng m\u1edbi v\u00e0 c\u00f2n nguy\u00ean ni\u00eam phong.<\/li><\/ul><ul><li class=\"temp-li bullet1\" data-line=\"true\" data-list=\"bullet1\">Bao b\u00ec b\u00ean ngo\u00e0i ph\u1ea3i c\u00f2n nguy\u00ean v\u1eb9n, kh\u00f4ng c\u00f3 v\u1ebft l\u00f5m ho\u1eb7c r\u00e1ch.<\/li><\/ul><ul><li class=\"temp-li bullet1\" data-line=\"true\" data-list=\"bullet1\">Ph\u1ea3i x\u1eed l\u00fd c\u1ea9n th\u1eadn theo nh\u00e3n c\u1ea3nh b\u00e1o; nh\u00e2n vi\u00ean Boxme s\u1ebd xem x\u00e9t c\u00e1c d\u1ea5u hi\u1ec7u c\u1ea3nh b\u00e1o tr\u01b0\u1edbc khi l\u01b0u tr\u1eef.<\/li><\/ul><div data-zone-id=\"0\" data-line-index=\"89\" data-line=\"true\"> <\/div><div data-zone-id=\"0\" data-line-index=\"90\" data-line=\"true\"><strong>5.5. B\u1ed9 Combo V\u1eadt L\u00fd<\/strong><\/div><ul><li class=\"temp-li bullet1\" data-line=\"true\" data-list=\"bullet1\">C\u1ea5u h\u00ecnh k\u1ebft h\u1ee3p (bao g\u1ed3m v\u1ecb tr\u00ed c\u1ee7a nh\u00e3n, th\u00e0nh ph\u1ea7n, ph\u1ee5 ki\u1ec7n) ph\u1ea3i \u0111\u01b0\u1ee3c ghi l\u1ea1i r\u00f5 r\u00e0ng b\u1eb1ng v\u0103n b\u1ea3n, h\u00ecnh \u1ea3nh ho\u1eb7c video tr\u01b0\u1edbc.<\/li><\/ul><ul><li class=\"temp-li bullet1\" data-line=\"true\" data-list=\"bullet1\">C\u00e1c m\u1eb7t h\u00e0ng combo ph\u1ea3i \u0111\u01b0\u1ee3c \u0111\u00f3ng g\u00f3i s\u1eb5n v\u00e0 ho\u00e0n thi\u1ec7n tr\u01b0\u1edbc khi nh\u1eadn v\u00e0 \u0111\u01b0a v\u00e0o kho.<\/li><\/ul><div data-zone-id=\"0\" data-line-index=\"93\" data-line=\"true\"> <\/div><div data-zone-id=\"0\" data-line-index=\"94\" data-line=\"true\"><strong>5.6. S\u00e1ch &amp; T\u00e0i li\u1ec7u in<\/strong><\/div><ul><li class=\"temp-li bullet1\" data-line=\"true\" data-list=\"bullet1\">S\u00e1ch ph\u1ea3i s\u1ea1ch, kh\u00f4ng b\u1ecb cong v\u00e0 kh\u00f4ng b\u1ecb r\u00e1ch.<\/li><\/ul><ul><li class=\"temp-li bullet1\" data-line=\"true\" data-list=\"bullet1\">\u0110\u00f3ng k\u00edn b\u1eb1ng m\u00e0ng co ho\u1eb7c t\u00fai PE \u0111\u1ec3 b\u1ea3o v\u1ec7 kh\u1ecfi b\u1ee5i ho\u1eb7c h\u01b0 h\u1ecfng khi v\u1eadn chuy\u1ec3n.<\/li><\/ul><div data-zone-id=\"0\" data-line-index=\"97\" data-line=\"true\"> <\/div><div data-zone-id=\"0\" data-line-index=\"98\" data-line=\"true\"><strong>5.7. C\u00e1c m\u1eb7t h\u00e0ng d\u1ec5 v\u1ee1 (Th\u1ee7y tinh, G\u1ed1m s\u1ee9, Nh\u1ef1a gi\u00f2n)<\/strong><\/div><ul><li class=\"temp-li bullet1\" data-line=\"true\" data-list=\"bullet1\">Ph\u1ea3i \u0111\u01b0\u1ee3c \u0111\u00f3ng g\u00f3i trong h\u1ed9p k\u00edn t\u1ea1i nh\u00e0 m\u00e1y ho\u1eb7c \u0111\u01b0\u1ee3c \u0111\u00f3ng g\u00f3i an to\u00e0n.<\/li><\/ul><ul><li class=\"temp-li bullet1\" data-line=\"true\" data-list=\"bullet1\">C\u00e1c m\u1eb7t h\u00e0ng ph\u1ea3i \u0111\u01b0\u1ee3c \u0111\u1ec7m b\u1eb1ng x\u1ed1p, m\u00e0ng bong b\u00f3ng ho\u1eb7c gi\u1ea5y v\u1ee5n b\u00ean trong v\u00e0 b\u00ean ngo\u00e0i.<\/li><\/ul><ul><li class=\"temp-li bullet1\" data-line=\"true\" data-list=\"bullet1\">Nh\u1eefng v\u1eadt r\u1ed7ng n\u00ean \u0111\u01b0\u1ee3c nh\u1ed3i \u0111\u1ec7m m\u1ec1m.<\/li><\/ul><ul><li class=\"temp-li bullet1\" data-line=\"true\" data-list=\"bullet1\">C\u00e1c b\u1ed9 \u0111\u1ed3 c\u00f3 nhi\u1ec1u th\u00e0nh ph\u1ea7n d\u1ec5 v\u1ee1 ph\u1ea3i \u0111\u01b0\u1ee3c b\u1ecdc ri\u00eang t\u1eebng m\u00f3n v\u00e0 ng\u0103n c\u00e1ch b\u1eb1ng v\u00e1ch ng\u0103n.<\/li><\/ul><div data-zone-id=\"0\" data-line-index=\"103\" data-line=\"true\"> <\/div><div data-zone-id=\"0\" data-line-index=\"104\" data-line=\"true\"><strong>5.8. Chai c\u00f3 n\u1eafp th\u00e1o r\u1eddi<\/strong><\/div><ul><li class=\"temp-li bullet1\" data-line=\"true\" data-list=\"bullet1\">M\u0169 ph\u1ea3i \u0111\u01b0\u1ee3c \u0111\u00f3ng g\u00f3i ri\u00eang v\u00e0 c\u00f3 \u0111\u1ec7m.<\/li><\/ul><ul><li class=\"temp-li bullet1\" data-line=\"true\" data-list=\"bullet1\">\u0110\u1ed1i v\u1edbi v\u00f2i b\u01a1m\/v\u1eb7n: c\u1ed1 \u0111\u1ecbnh b\u1eb1ng gi\u1ea5y m\u1ec1m v\u00e0 b\u1ecdc b\u1eb1ng m\u00e0ng PE.<\/li><\/ul><div data-zone-id=\"0\" data-line-index=\"107\" data-line=\"true\"> <\/div><div data-zone-id=\"0\" data-line-index=\"108\" data-line=\"true\"><strong>5.9. S\u1ea3n ph\u1ea9m \u0111\u01b0\u1ee3c l\u01b0u tr\u1eef d\u01b0\u1edbi d\u1ea1ng b\u1ed9 \u0111\u1ea7y \u0111\u1ee7 v\u00e0 \u0111\u01a1n v\u1ecb r\u1eddi<\/strong><\/div><ul><li data-zone-id=\"0\" data-line-index=\"108\" data-line=\"true\"><span>N\u1ebfu m\u1ed9t m\u1eb7t h\u00e0ng \u0111\u01b0\u1ee3c l\u01b0u tr\u1eef d\u01b0\u1edbi d\u1ea1ng c\u1ea3 h\u1ed9p \u0111\u1ea7y \u0111\u1ee7 v\u00e0 t\u1eebng \u0111\u01a1n v\u1ecb ri\u00eang l\u1ebb:<\/span><ul><li data-zone-id=\"0\" data-line-index=\"108\" data-line=\"true\"><span>D\u00e1n nh\u00e3n \u201cKH\u00d4NG \u0110\u01af\u1ee2C L\u00c0M V\u1ee0\u201d l\u00ean to\u00e0n b\u1ed9 th\u00f9ng carton.<\/span><\/li><li data-zone-id=\"0\" data-line-index=\"108\" data-line=\"true\"><span>\u00c1p d\u1ee5ng m\u00e3 v\u1ea1ch m\u1edbi cho to\u00e0n b\u1ed9 h\u00e0ng t\u1ed3n kho, kh\u00e1c v\u1edbi m\u00e3 s\u1ea3n ph\u1ea9m ri\u00eang l\u1ebb.<\/span><\/li><\/ul><\/li><\/ul><div data-zone-id=\"0\" data-line-index=\"112\" data-line=\"true\"> <\/div><div data-zone-id=\"0\" data-line-index=\"113\" data-line=\"true\"><strong>5.10. Th\u1ef1c ph\u1ea9m kh\u00f4, \u0111\u1ed3 \u0103n nh\u1eb9, h\u00e0ng \u0111\u00f3ng g\u00f3i<\/strong><\/div><ul><li class=\"temp-li bullet1\" data-line=\"true\" data-list=\"bullet1\">Ph\u1ea3i c\u00f2n m\u1edbi, \u0111\u01b0\u1ee3c ni\u00eam phong, kh\u00f4ng c\u00f3 bao b\u00ec b\u1ecb h\u01b0 h\u1ecfng ho\u1eb7c v\u1ebft b\u1ea9n.<\/li><\/ul><ul><li class=\"temp-li bullet1\" data-line=\"true\" data-list=\"bullet1\">Th\u1eddi h\u1ea1n s\u1eed d\u1ee5ng t\u1ed1i thi\u1ec3u l\u00e0 6 th\u00e1ng (tr\u1eeb khi ng\u01b0\u1eddi b\u00e1n ch\u1ea5p thu\u1eadn ng\u00e0y ng\u1eafn h\u01a1n).<\/li><\/ul><ul><li class=\"temp-li bullet1\" data-line=\"true\" data-list=\"bullet1\">S\u1ea3n ph\u1ea9m ph\u1ea3i \u0111\u01b0\u1ee3c \u0111\u00f3ng g\u00f3i trong t\u00fai, h\u1ed9p, l\u1ecd ho\u1eb7c h\u1ed9p c\u1ee9ng \u2013 kh\u00f4ng \u0111\u01b0\u1ee3c \u0111\u1ec3 l\u1ed9 n\u1ed9i dung b\u00ean trong.<\/li><\/ul><div data-zone-id=\"0\" data-line-index=\"117\" data-line=\"true\"> <\/div><div data-zone-id=\"0\" data-line-index=\"118\" data-line=\"true\"><strong>6. Ghi ch\u00fa cu\u1ed1i c\u00f9ng<\/strong><\/div><ul><li class=\"temp-li bullet1\" data-line=\"true\" data-list=\"bullet1\">C\u00e1c s\u1ea3n ph\u1ea9m kh\u00f4ng tu\u00e2n th\u1ee7 s\u1ebd b\u1ecb g\u1eafn c\u1edd \u0111\u1ec3 x\u1eed l\u00fd ho\u1eb7c ph\u1ea3i \u0111\u00f3ng g\u00f3i l\u1ea1i (c\u00f3 t\u00ednh ph\u00ed).<\/li><\/ul><ul><li class=\"temp-li bullet1\" data-line=\"true\" data-list=\"bullet1\">Vi\u1ec7c kh\u00f4ng tu\u00e2n th\u1ee7 nhi\u1ec1u l\u1ea7n c\u00f3 th\u1ec3 d\u1eabn \u0111\u1ebfn vi\u1ec7c t\u1eeb ch\u1ed1i h\u00e0ng t\u1ed3n kho ho\u1eb7c h\u1ea1n ch\u1ebf d\u1ecbch v\u1ee5.<\/li><\/ul><ul><li class=\"temp-li bullet1\" data-line=\"true\" data-list=\"bullet1\">C\u00e1c th\u01b0\u01a1ng gia \u0111\u01b0\u1ee3c khuy\u1ebfn c\u00e1o n\u00ean ki\u1ec3m tra h\u00e0ng h\u00f3a tr\u01b0\u1edbc khi v\u1eadn chuy\u1ec3n \u0111\u1ebfn b\u1ea5t k\u1ef3 trung t\u00e2m ho\u00e0n t\u1ea5t \u0111\u01a1n h\u00e0ng n\u00e0o c\u1ee7a Boxme.<\/li><\/ul>\t\t\t\t\t\t\t\t<\/div>\n\t\t\t\t<\/div>\n\t\t\t\t\t<\/div>\n\t\t\t\t<\/div>\n\t\t\t\t<\/div>\n\t\t","protected":false},"excerpt":{"rendered":"<p>Ch\u00ednh s\u00e1ch s\u1ea3n ph\u1ea9m Ch\u00ednh s\u00e1ch s\u1ea3n ph\u1ea9m c\u1ee7a Boxme C\u00f3 hi\u1ec7u l\u1ef1c \u0111\u1ed1i v\u1edbi t\u1ea5t c\u1ea3 h\u00e0ng t\u1ed3n kho \u0111\u1ea7u v\u00e0o \u0111\u01b0\u1ee3c ti\u1ebfp nh\u1eadn v\u00e0 l\u01b0u tr\u1eef t\u1ea1i Trung t\u00e2m ho\u00e0n t\u1ea5t \u0111\u01a1n h\u00e0ng Boxme. C\u1eadp nh\u1eadt l\u1ea7n cu\u1ed1i: 01\/08\/2025 1. Nguy\u00ean t\u1eafc chungBoxme ch\u1ec9 ch\u1ea5p nh\u1eadn h\u00e0ng t\u1ed3n kho \u0111\u00e1p \u1ee9ng c\u00e1c ti\u00eau [&hellip;]<\/p>\n","protected":false},"author":1,"featured_media":0,"parent":0,"menu_order":0,"comment_status":"closed","ping_status":"closed","template":"","meta":{"inline_featured_image":false,"footnotes":""},"class_list":["post-97493","page","type-page","status-publish","hentry"],"_links":{"self":[{"href":"https:\/\/boxme.asia\/vi\/wp-json\/wp\/v2\/pages\/97493","targetHints":{"allow":["GET"]}}],"collection":[{"href":"https:\/\/boxme.asia\/vi\/wp-json\/wp\/v2\/pages"}],"about":[{"href":"https:\/\/boxme.asia\/vi\/wp-json\/wp\/v2\/types\/page"}],"author":[{"embeddable":true,"href":"https:\/\/boxme.asia\/vi\/wp-json\/wp\/v2\/users\/1"}],"replies":[{"embeddable":true,"href":"https:\/\/boxme.asia\/vi\/wp-json\/wp\/v2\/comments?post=97493"}],"version-history":[{"count":24,"href":"https:\/\/boxme.asia\/vi\/wp-json\/wp\/v2\/pages\/97493\/revisions"}],"predecessor-version":[{"id":106475,"href":"https:\/\/boxme.asia\/vi\/wp-json\/wp\/v2\/pages\/97493\/revisions\/106475"}],"wp:attachment":[{"href":"https:\/\/boxme.asia\/vi\/wp-json\/wp\/v2\/media?parent=97493"}],"curies":[{"name":"wp","href":"https:\/\/api.w.org\/{rel}","templated":true}]}}