{"id":112221,"date":"2025-07-23T23:51:53","date_gmt":"2025-07-23T16:51:53","guid":{"rendered":"https:\/\/boxme.asia\/lien-he-voi-chung-toi\/"},"modified":"2026-03-30T11:59:02","modified_gmt":"2026-03-30T04:59:02","slug":"lien-he-voi-chung-toi","status":"publish","type":"page","link":"https:\/\/boxme.asia\/vi\/lien-he-voi-chung-toi\/","title":{"rendered":"Li\u00ean h\u1ec7 v\u1edbi ch\u00fang t\u00f4i"},"content":{"rendered":"\t\t<div data-elementor-type=\"wp-page\" data-elementor-id=\"112221\" class=\"elementor elementor-112221 elementor-95848\" data-elementor-post-type=\"page\">\n\t\t\t\t<div class=\"elementor-element elementor-element-6b8d486 e-flex e-con-boxed e-con e-parent\" data-id=\"6b8d486\" data-element_type=\"container\" data-settings=\"{&quot;background_background&quot;:&quot;classic&quot;}\">\n\t\t\t\t\t<div class=\"e-con-inner\">\n\t\t<div class=\"elementor-element elementor-element-8bc8c83 e-con-full e-flex e-con e-child\" data-id=\"8bc8c83\" data-element_type=\"container\">\n\t\t\t\t<div class=\"elementor-element elementor-element-7b631d2 elementor-widget elementor-widget-heading\" data-id=\"7b631d2\" data-element_type=\"widget\" data-widget_type=\"heading.default\">\n\t\t\t\t<div class=\"elementor-widget-container\">\n\t\t\t\t\t<h2 class=\"elementor-heading-title elementor-size-default\">Chi nh\u00e1nh c\u1ee7a ch\u00fang t\u00f4i<\/h2>\t\t\t\t<\/div>\n\t\t\t\t<\/div>\n\t\t\t\t<div class=\"elementor-element-custom_color elementor-element elementor-element-fde6e66 elementor-widget elementor-widget-text-editor\" data-id=\"fde6e66\" data-element_type=\"widget\" data-widget_type=\"text-editor.default\">\n\t\t\t\t<div class=\"elementor-widget-container\">\n\t\t\t\t\t\t\t\t\t<p><span style=\"color: #ffffff; font-family: 'Neurial Grotesk', Roboto, system, -apple-system, BlinkMacSystemFont, '.SFNSDisplay-Regular', 'Helvetica Neue', Helvetica, Arial, sans-serif;\">Ch\u00fang t\u00f4i lu\u00f4n s\u1eb5n s\u00e0ng h\u1ed7 tr\u1ee3. H\u00e3y h\u1ecfi ch\u00fang t\u00f4i v\u1ec1 s\u1ea3n ph\u1ea9m, d\u1ecbch v\u1ee5 v\u00e0 b\u1ea5t k\u1ef3 c\u00e2u h\u1ecfi n\u00e0o b\u1ea1n c\u00f3. <\/span><\/p>\t\t\t\t\t\t\t\t<\/div>\n\t\t\t\t<\/div>\n\t\t\t\t<div class=\"elementor-element-custom_color elementor-element elementor-element-c692ca3 elementor-widget elementor-widget-text-editor\" data-id=\"c692ca3\" data-element_type=\"widget\" data-widget_type=\"text-editor.default\">\n\t\t\t\t<div class=\"elementor-widget-container\">\n\t\t\t\t\t\t\t\t\t<p>Vi\u1ec7t Nam<\/p><ul><li>Fafim B, 19 Nguyen Trai Street, Thanh Xuan, Hanoi.<\/li><li>2nd Floor, N7 Building, No. 3, 3\/2 Street, Vuon Lai, HCMC<\/li><\/ul><p>Th\u00e1i Lan:<\/p><ul><li>Mandarina Sukhumvit 77, Onnut, Qu\u1eadn Suan Luang, Bangkok 10250.<\/li><\/ul><p>Philippines:<\/p><ul><li>Km. 21, West Service Road, Pan-Philippine Highway, Cupang, Muntinlupa, Manila, Philippines.<\/li><\/ul>\t\t\t\t\t\t\t\t<\/div>\n\t\t\t\t<\/div>\n\t\t\t\t<\/div>\n\t\t<div class=\"elementor-element elementor-element-71760d2 e-con-full e-flex e-con e-child\" data-id=\"71760d2\" data-element_type=\"container\" data-settings=\"{&quot;background_background&quot;:&quot;classic&quot;}\">\n\t\t\t\t<div class=\"elementor-element elementor-element-794b640 elementor-widget elementor-widget-html\" data-id=\"794b640\" data-element_type=\"widget\" data-widget_type=\"html.default\">\n\t\t\t\t<div class=\"elementor-widget-container\">\n\t\t\t\t\t<div id=\"boxme-consultant-iframe-wrapper\" style=\"width: 100%;\"><iframe id=\"boxme-consultant-iframe\" src=\"https:\/\/team.boxme.asia\/request-consultant\/new\" style=\"border: none; width: 100%; height: 100%;\"><\/iframe><\/div><style>#boxme-consultant-iframe-wrapper {\n    height: 1100px;\n}\n\n@media (min-width: 900px) {\n #boxme-consultant-iframe-wrapper {\n    height: 700px !important;\n }   \n}\n<\/style>\t\t\t\t<\/div>\n\t\t\t\t<\/div>\n\t\t\t\t<\/div>\n\t\t\t\t\t<\/div>\n\t\t\t\t<\/div>\n\t\t<div class=\"elementor-element elementor-element-f9fd0b6 e-flex e-con-boxed e-con e-parent\" data-id=\"f9fd0b6\" data-element_type=\"container\">\n\t\t\t\t\t<div class=\"e-con-inner\">\n\t\t\t\t<div class=\"elementor-element elementor-element-99891 elementor-widget elementor-widget-global elementor-global-100389 elementor-global-99891 elementor-widget-heading\" data-id=\"99891\" data-element_type=\"widget\" data-widget_type=\"heading.default\">\n\t\t\t\t<div class=\"elementor-widget-container\">\n\t\t\t\t\t<p class=\"elementor-heading-title elementor-size-default\"><a href=\"https:\/\/boxme.asia\/vi\/lien-he-voi-chung-toi\/\">C\u00e2u chuy\u1ec7n th\u00e0nh c\u00f4ng<\/a><\/p>\t\t\t\t<\/div>\n\t\t\t\t<\/div>\n\t\t\t\t\t<\/div>\n\t\t\t\t<\/div>\n\t\t<div class=\"elementor-element elementor-element-ac782f7 e-flex e-con-boxed e-con e-parent\" data-id=\"ac782f7\" data-element_type=\"container\">\n\t\t\t\t\t<div class=\"e-con-inner\">\n\t\t\t\t<div class=\"elementor-element elementor-element-58ad1b5 elementor-widget elementor-widget-global elementor-global-100410 elementor-global-99894 elementor-widget-heading\" data-id=\"58ad1b5\" data-element_type=\"widget\" data-widget_type=\"heading.default\">\n\t\t\t\t<div class=\"elementor-widget-container\">\n\t\t\t\t\t<h4 class=\"elementor-heading-title elementor-size-default\">\"Minh ch\u1ee9ng b\u1eb1ng ni\u1ec1m tin c\u1ee7a h\u00e0ng ngh\u00ecn th\u01b0\u01a1ng hi\u1ec7u \u2013 Boxme lu\u00f4n \u0111\u1ed3ng h\u00e0nh c\u00f9ng th\u00e0nh c\u00f4ng c\u1ee7a b\u1ea1n.\"<\/h4>\t\t\t\t<\/div>\n\t\t\t\t<\/div>\n\t\t\t\t\t<\/div>\n\t\t\t\t<\/div>\n\t\t<div class=\"elementor-element elementor-element-9e91672 e-flex e-con-boxed e-con e-parent\" data-id=\"9e91672\" data-element_type=\"container\">\n\t\t\t\t\t<div class=\"e-con-inner\">\n\t\t\t\t<div class=\"elementor-element elementor-element-d5d668a elementor-grid-3 elementor-grid-tablet-2 elementor-grid-mobile-1 elementor-widget elementor-widget-portfolio\" data-id=\"d5d668a\" data-element_type=\"widget\" data-settings=\"{&quot;columns&quot;:&quot;3&quot;,&quot;columns_tablet&quot;:&quot;2&quot;,&quot;columns_mobile&quot;:&quot;1&quot;,&quot;item_ratio&quot;:{&quot;unit&quot;:&quot;px&quot;,&quot;size&quot;:0.66,&quot;sizes&quot;:[]},&quot;item_gap&quot;:{&quot;unit&quot;:&quot;px&quot;,&quot;size&quot;:&quot;&quot;,&quot;sizes&quot;:[]},&quot;row_gap&quot;:{&quot;unit&quot;:&quot;px&quot;,&quot;size&quot;:&quot;&quot;,&quot;sizes&quot;:[]}}\" data-widget_type=\"portfolio.default\">\n\t\t\t\t<div class=\"elementor-widget-container\">\n\t\t\t\t\t\t\t<div class=\"elementor-portfolio elementor-grid elementor-posts-container\" role=\"list\">\n\t\t\t\t<article class=\"elementor-portfolio-item elementor-post  post-111625 portfolio type-portfolio status-publish has-post-thumbnail hentry\" role=\"listitem\">\n\t\t\t<a class=\"elementor-post__thumbnail__link\" href=\"https:\/\/boxme.asia\/vi\/portfolio\/zwilling\/\">\n\t\t\t\t<div class=\"elementor-portfolio-item__img elementor-post__thumbnail\">\n\t\t\t<img fetchpriority=\"high\" decoding=\"async\" width=\"300\" height=\"263\" src=\"https:\/\/boxme.asia\/wp-content\/uploads\/2025\/11\/zwilling-300x263.png\" class=\"attachment-medium size-medium wp-image-111713\" alt=\"\" srcset=\"https:\/\/boxme.asia\/wp-content\/uploads\/2025\/11\/zwilling-300x263.png 300w, https:\/\/boxme.asia\/wp-content\/uploads\/2025\/11\/zwilling-480x421.png 480w, https:\/\/boxme.asia\/wp-content\/uploads\/2025\/11\/zwilling.png 600w\" sizes=\"(max-width: 300px) 100vw, 300px\" title=\"zwilling\" \/>\t\t<\/div>\n\t\t\t\t<div class=\"elementor-portfolio-item__overlay\">\n\t\t\t\t<h3 class=\"elementor-portfolio-item__title\">\n\t\tZwilling\t\t<\/h3>\n\t\t\t\t<\/div>\n\t\t\t\t<\/a>\n\t\t<\/article>\n\t\t\t\t<article class=\"elementor-portfolio-item elementor-post  post-111270 portfolio type-portfolio status-publish has-post-thumbnail hentry\" role=\"listitem\">\n\t\t\t<a class=\"elementor-post__thumbnail__link\" href=\"https:\/\/boxme.asia\/vi\/portfolio\/yves-rocher\/\">\n\t\t\t\t<div class=\"elementor-portfolio-item__img elementor-post__thumbnail\">\n\t\t\t<img decoding=\"async\" width=\"230\" height=\"300\" src=\"https:\/\/boxme.asia\/wp-content\/uploads\/2025\/10\/Untitled-2-230x300.jpg\" class=\"attachment-medium size-medium wp-image-111336\" alt=\"\" srcset=\"https:\/\/boxme.asia\/wp-content\/uploads\/2025\/10\/Untitled-2-230x300.jpg 230w, https:\/\/boxme.asia\/wp-content\/uploads\/2025\/10\/Untitled-2-480x626.jpg 480w, https:\/\/boxme.asia\/wp-content\/uploads\/2025\/10\/Untitled-2.jpg 515w\" sizes=\"(max-width: 230px) 100vw, 230px\" title=\"Untitled-2\" \/>\t\t<\/div>\n\t\t\t\t<div class=\"elementor-portfolio-item__overlay\">\n\t\t\t\t<h3 class=\"elementor-portfolio-item__title\">\n\t\tYves Rocher\t\t<\/h3>\n\t\t\t\t<\/div>\n\t\t\t\t<\/a>\n\t\t<\/article>\n\t\t\t\t<article class=\"elementor-portfolio-item elementor-post  post-110401 portfolio type-portfolio status-publish has-post-thumbnail hentry\" role=\"listitem\">\n\t\t\t<a class=\"elementor-post__thumbnail__link\" href=\"https:\/\/boxme.asia\/vi\/portfolio\/inochi\/\">\n\t\t\t\t<div class=\"elementor-portfolio-item__img elementor-post__thumbnail\">\n\t\t\t<img decoding=\"async\" width=\"300\" height=\"300\" src=\"https:\/\/boxme.asia\/wp-content\/uploads\/2025\/09\/481676835_972484551685062_158747531158341375_n-300x300.jpg\" class=\"attachment-medium size-medium wp-image-110414\" alt=\"\" srcset=\"https:\/\/boxme.asia\/wp-content\/uploads\/2025\/09\/481676835_972484551685062_158747531158341375_n-300x300.jpg 300w, https:\/\/boxme.asia\/wp-content\/uploads\/2025\/09\/481676835_972484551685062_158747531158341375_n-1024x1024.jpg 1024w, https:\/\/boxme.asia\/wp-content\/uploads\/2025\/09\/481676835_972484551685062_158747531158341375_n-150x150.jpg 150w, https:\/\/boxme.asia\/wp-content\/uploads\/2025\/09\/481676835_972484551685062_158747531158341375_n-768x768.jpg 768w, https:\/\/boxme.asia\/wp-content\/uploads\/2025\/09\/481676835_972484551685062_158747531158341375_n-1536x1536.jpg 1536w, https:\/\/boxme.asia\/wp-content\/uploads\/2025\/09\/481676835_972484551685062_158747531158341375_n-480x480.jpg 480w\" sizes=\"(max-width: 300px) 100vw, 300px\" title=\"481676835_972484551685062_158747531158341375_n\" \/>\t\t<\/div>\n\t\t\t\t<div class=\"elementor-portfolio-item__overlay\">\n\t\t\t\t<h3 class=\"elementor-portfolio-item__title\">\n\t\tInochi\t\t<\/h3>\n\t\t\t\t<\/div>\n\t\t\t\t<\/a>\n\t\t<\/article>\n\t\t\t\t<\/div>\n\t\t\t\t\t\t<\/div>\n\t\t\t\t<\/div>\n\t\t\t\t\t<\/div>\n\t\t\t\t<\/div>\n\t\t<div class=\"elementor-element elementor-element-ccc3467 e-flex e-con-boxed e-con e-parent\" data-id=\"ccc3467\" data-element_type=\"container\">\n\t\t\t\t\t<div class=\"e-con-inner\">\n\t\t\t\t<div class=\"elementor-element elementor-element-99897 elementor-widget elementor-widget-global elementor-global-100399 elementor-global-99897 elementor-widget-heading\" data-id=\"99897\" data-element_type=\"widget\" data-widget_type=\"heading.default\">\n\t\t\t\t<div class=\"elementor-widget-container\">\n\t\t\t\t\t<h3 class=\"elementor-heading-title elementor-size-default\">Grow your business with Boxme<\/h3>\t\t\t\t<\/div>\n\t\t\t\t<\/div>\n\t\t\t\t<div class=\"elementor-element elementor-element-5a84ef7 elementor-widget elementor-widget-global elementor-global-100392 elementor-global-99921 elementor-widget-text-editor\" data-id=\"5a84ef7\" data-element_type=\"widget\" data-widget_type=\"text-editor.default\">\n\t\t\t\t<div class=\"elementor-widget-container\">\n\t\t\t\t\t\t\t\t\t<p><span>\u5c31\u73b0\u5728<\/span><b>\u9884\u7ea6\u514d\u8d39\u54a8\u8be2\u6765\u5f00\u59cb\u63a8\u52a8\u60a8\u7684\u4f01\u4e1a\u7684\u53d1\u5c55<\/b><\/p>\t\t\t\t\t\t\t\t<\/div>\n\t\t\t\t<\/div>\n\t\t\t\t\t<\/div>\n\t\t\t\t<\/div>\n\t\t<div class=\"elementor-element elementor-element-eaf0282 e-flex e-con-boxed e-con e-parent\" data-id=\"eaf0282\" data-element_type=\"container\">\n\t\t\t\t\t<div class=\"e-con-inner\">\n\t\t\t\t<div class=\"elementor-element elementor-element-99900 elementor-align-center elementor-widget elementor-widget-global elementor-global-100382 elementor-global-99900 elementor-widget-button\" data-id=\"99900\" data-element_type=\"widget\" data-widget_type=\"button.default\">\n\t\t\t\t<div class=\"elementor-widget-container\">\n\t\t\t\t\t\t\t\t\t<div class=\"elementor-button-wrapper\">\n\t\t\t\t\t<a class=\"elementor-button elementor-button-link elementor-size-sm\" href=\"https:\/\/boxme.asia\/vi\/lien-he-voi-chung-toi\/\">\n\t\t\t\t\t\t<span class=\"elementor-button-content-wrapper\">\n\t\t\t\t\t\t\t\t\t<span class=\"elementor-button-text\">Li\u00ean h\u1ec7 v\u1edbi ch\u00fang t\u00f4i<\/span>\n\t\t\t\t\t<\/span>\n\t\t\t\t\t<\/a>\n\t\t\t\t<\/div>\n\t\t\t\t\t\t\t\t<\/div>\n\t\t\t\t<\/div>\n\t\t\t\t\t<\/div>\n\t\t\t\t<\/div>\n\t\t\t\t<\/div>\n\t\t","protected":false},"excerpt":{"rendered":"<p>Chi nh\u00e1nh c\u1ee7a ch\u00fang t\u00f4i Ch\u00fang t\u00f4i lu\u00f4n s\u1eb5n s\u00e0ng h\u1ed7 tr\u1ee3. H\u00e3y h\u1ecfi ch\u00fang t\u00f4i v\u1ec1 s\u1ea3n ph\u1ea9m, d\u1ecbch v\u1ee5 v\u00e0 b\u1ea5t k\u1ef3 c\u00e2u h\u1ecfi n\u00e0o b\u1ea1n c\u00f3. Vi\u1ec7t Nam Fafim B, 19 Nguyen Trai Street, Thanh Xuan, Hanoi. 2nd Floor, N7 Building, No. 3, 3\/2 Street, Vuon Lai, HCMC Th\u00e1i Lan: Mandarina Sukhumvit [&hellip;]<\/p>\n","protected":false},"author":1,"featured_media":0,"parent":0,"menu_order":0,"comment_status":"closed","ping_status":"closed","template":"","meta":{"inline_featured_image":false,"footnotes":""},"class_list":["post-112221","page","type-page","status-publish","hentry"],"_links":{"self":[{"href":"https:\/\/boxme.asia\/vi\/wp-json\/wp\/v2\/pages\/112221","targetHints":{"allow":["GET"]}}],"collection":[{"href":"https:\/\/boxme.asia\/vi\/wp-json\/wp\/v2\/pages"}],"about":[{"href":"https:\/\/boxme.asia\/vi\/wp-json\/wp\/v2\/types\/page"}],"author":[{"embeddable":true,"href":"https:\/\/boxme.asia\/vi\/wp-json\/wp\/v2\/users\/1"}],"replies":[{"embeddable":true,"href":"https:\/\/boxme.asia\/vi\/wp-json\/wp\/v2\/comments?post=112221"}],"version-history":[{"count":13,"href":"https:\/\/boxme.asia\/vi\/wp-json\/wp\/v2\/pages\/112221\/revisions"}],"predecessor-version":[{"id":112315,"href":"https:\/\/boxme.asia\/vi\/wp-json\/wp\/v2\/pages\/112221\/revisions\/112315"}],"wp:attachment":[{"href":"https:\/\/boxme.asia\/vi\/wp-json\/wp\/v2\/media?parent=112221"}],"curies":[{"name":"wp","href":"https:\/\/api.w.org\/{rel}","templated":true}]}}