{"id":104469,"date":"2025-08-20T08:39:02","date_gmt":"2025-08-20T01:39:02","guid":{"rendered":"https:\/\/boxme.asia\/chinh-sach-van-chuyen\/"},"modified":"2025-08-25T15:12:21","modified_gmt":"2025-08-25T08:12:21","slug":"chinh-sach-van-chuyen","status":"publish","type":"page","link":"https:\/\/boxme.asia\/vi\/chinh-sach-van-chuyen\/","title":{"rendered":"Ch\u00ednh s\u00e1ch v\u1eadn chuy\u1ec3n"},"content":{"rendered":"\t\t<div data-elementor-type=\"wp-page\" data-elementor-id=\"104469\" class=\"elementor elementor-104469 elementor-104443\" data-elementor-post-type=\"page\">\n\t\t\t\t<div class=\"elementor-element elementor-element-8ad8b04 e-con-full e-flex e-con e-parent\" data-id=\"8ad8b04\" data-element_type=\"container\">\n\t\t<div class=\"elementor-element elementor-element-93b7d04 e-con-full e-flex e-con e-child\" data-id=\"93b7d04\" data-element_type=\"container\" data-settings=\"{&quot;background_background&quot;:&quot;classic&quot;}\">\n\t\t\t\t<div class=\"elementor-element elementor-element-79c036d elementor-widget elementor-widget-heading\" data-id=\"79c036d\" data-element_type=\"widget\" data-widget_type=\"heading.default\">\n\t\t\t\t<div class=\"elementor-widget-container\">\n\t\t\t\t\t<h1 class=\"elementor-heading-title elementor-size-default\">Ch\u00ednh s\u00e1ch v\u1eadn chuy\u1ec3n<\/h1>\t\t\t\t<\/div>\n\t\t\t\t<\/div>\n\t\t\t\t<\/div>\n\t\t\t\t<\/div>\n\t\t<div class=\"elementor-element elementor-element-cd6a4e7 e-flex e-con-boxed e-con e-parent\" data-id=\"cd6a4e7\" data-element_type=\"container\">\n\t\t\t\t\t<div class=\"e-con-inner\">\n\t\t\t\t<div class=\"elementor-element-custom_font_size elementor-element-custom_font_weight elementor-element elementor-element-6c89de5 elementor-widget elementor-widget-text-editor\" data-id=\"6c89de5\" data-element_type=\"widget\" data-widget_type=\"text-editor.default\">\n\t\t\t\t<div class=\"elementor-widget-container\">\n\t\t\t\t\t\t\t\t\t<div><strong>C\u1eadp nh\u1eadt l\u1ea7n cu\u1ed1i: 01\/08\/2025<\/strong><\/div><div> <\/div><div id=\"input_line_0\"><strong><span class=\"\" data-mention=\"1. Purpose &amp; Scope\" id=\"input_part_0\">1. M\u1ee5c \u0111\u00edch v\u00e0 ph\u1ea1m vi<\/span><\/strong><\/div><div> <\/div><div id=\"input_line_2\"><span class=\"\" data-mention=\"This Shipping Policy outlines Boxme\u2019s procedures, costs, timelines, and responsibilities related to domestic and international shipping. It applies to all customers using Boxme\u2019s Fulfillment and Shipping services.\" id=\"input_part_0\">Ch\u00ednh s\u00e1ch V\u1eadn chuy\u1ec3n n\u00e0y n\u00eau r\u00f5 c\u00e1c quy tr\u00ecnh, chi ph\u00ed, th\u1eddi gian v\u00e0 tr\u00e1ch nhi\u1ec7m c\u1ee7a Boxme li\u00ean quan \u0111\u1ebfn v\u1eadn chuy\u1ec3n trong n\u01b0\u1edbc v\u00e0 qu\u1ed1c t\u1ebf. Ch\u00ednh s\u00e1ch n\u00e0y \u00e1p d\u1ee5ng cho t\u1ea5t c\u1ea3 kh\u00e1ch h\u00e0ng s\u1eed d\u1ee5ng d\u1ecbch v\u1ee5 Ho\u00e0n t\u1ea5t \u0111\u01a1n h\u00e0ng v\u00e0 V\u1eadn chuy\u1ec3n c\u1ee7a Boxme. <\/span><\/div><div id=\"input_line_3\"> <\/div><div id=\"input_line_4\"><strong><span class=\"\" data-mention=\"2. Shipping Methods &amp; Delivery Times\" id=\"input_part_0\">2. Ph\u01b0\u01a1ng th\u1ee9c v\u1eadn chuy\u1ec3n v\u00e0 th\u1eddi gian giao h\u00e0ng<\/span><\/strong><\/div><div> <\/div><div id=\"input_line_6\"><span class=\"\" data-mention=\"We provide multiple shipping options to fit customer needs:\" id=\"input_part_0\">Ch\u00fang t\u00f4i cung c\u1ea5p nhi\u1ec1u l\u1ef1a ch\u1ecdn v\u1eadn chuy\u1ec3n ph\u00f9 h\u1ee3p v\u1edbi nhu c\u1ea7u c\u1ee7a kh\u00e1ch h\u00e0ng:<\/span><\/div><ul><li id=\"input_line_8\"><span class=\"\" data-mention=\"Standard Shipping: 1\u20135 business days within Vietnam.\" id=\"input_part_0\">V\u1eadn chuy\u1ec3n ti\u00eau chu\u1ea9n: 1\u20135 ng\u00e0y l\u00e0m vi\u1ec7c trong ph\u1ea1m vi Vi\u1ec7t Nam.<\/span><\/li><li id=\"input_line_9\"><span class=\"\" data-mention=\"Express Shipping (Overnight \/ 2-Day): Faster options available with additional fees depending on carrier.\" id=\"input_part_0\">V\u1eadn chuy\u1ec3n nhanh (Qua \u0111\u00eam \/ 2 ng\u00e0y): C\u00f3 c\u00e1c t\u00f9y ch\u1ecdn nhanh h\u01a1n v\u1edbi m\u1ee9c ph\u00ed b\u1ed5 sung t\u00f9y thu\u1ed9c v\u00e0o \u0111\u01a1n v\u1ecb v\u1eadn chuy\u1ec3n.<\/span><\/li><li id=\"input_line_10\"><span class=\"\" data-mention=\"International Shipping: 5\u201315 business days depending on country and carrier service.\" id=\"input_part_0\">V\u1eadn chuy\u1ec3n qu\u1ed1c t\u1ebf: 5\u201315 ng\u00e0y l\u00e0m vi\u1ec7c t\u00f9y thu\u1ed9c v\u00e0o qu\u1ed1c gia v\u00e0 d\u1ecbch v\u1ee5 c\u1ee7a h\u00e3ng v\u1eadn chuy\u1ec3n.<\/span><\/li><li id=\"input_line_11\"><span class=\"\" data-mention=\"Hybrid Shipping: Combines multiple carriers to optimize cost but may result in longer transit times.\" id=\"input_part_0\">V\u1eadn chuy\u1ec3n k\u1ebft h\u1ee3p: K\u1ebft h\u1ee3p nhi\u1ec1u h\u00e3ng v\u1eadn chuy\u1ec3n \u0111\u1ec3 t\u1ed1i \u01b0u h\u00f3a chi ph\u00ed nh\u01b0ng c\u00f3 th\u1ec3 d\u1eabn \u0111\u1ebfn th\u1eddi gian v\u1eadn chuy\u1ec3n l\u00e2u h\u01a1n.<\/span><\/li><li id=\"input_line_12\"><span class=\"\" data-mention=\"Freight Shipping (oversized\/large parcels): For heavy or oversized shipments beyond standard parcel dimensions; subject to case-by-case arrangements.\" id=\"input_part_0\">V\u1eadn chuy\u1ec3n h\u00e0ng h\u00f3a (b\u01b0u ki\u1ec7n qu\u00e1 kh\u1ed5\/l\u1edbn): D\u00e0nh cho c\u00e1c l\u00f4 h\u00e0ng n\u1eb7ng ho\u1eb7c qu\u00e1 kh\u1ed5 v\u01b0\u1ee3t qu\u00e1 k\u00edch th\u01b0\u1edbc b\u01b0u ki\u1ec7n ti\u00eau chu\u1ea9n; t\u00f9y theo th\u1ecfa thu\u1eadn t\u1eebng tr\u01b0\u1eddng h\u1ee3p c\u1ee5 th\u1ec3.<\/span><\/li><\/ul><div id=\"input_line_13\"><strong><span class=\"\" data-mention=\"3. Shipping Costs &amp; Dimensional Weight (DIM Weight)\" id=\"input_part_0\">3. Chi ph\u00ed v\u1eadn chuy\u1ec3n v\u00e0 tr\u1ecdng l\u01b0\u1ee3ng k\u00edch th\u01b0\u1edbc (Tr\u1ecdng l\u01b0\u1ee3ng DIM)<\/span><\/strong><\/div><ul><li id=\"input_line_15\"><span class=\"\" data-mention=\"- Costs are calculated based on the greater of actual weight or dimensional weight (DIM weight), as defined by the carrier.\" id=\"input_part_0\">Chi ph\u00ed \u0111\u01b0\u1ee3c t\u00ednh d\u1ef1a tr\u00ean tr\u1ecdng l\u01b0\u1ee3ng th\u1ef1c t\u1ebf ho\u1eb7c tr\u1ecdng l\u01b0\u1ee3ng k\u00edch th\u01b0\u1edbc (tr\u1ecdng l\u01b0\u1ee3ng DIM) l\u1edbn h\u01a1n, theo quy \u0111\u1ecbnh c\u1ee7a h\u00e3ng v\u1eadn chuy\u1ec3n.<\/span><\/li><li id=\"input_line_17\"><span class=\"\" data-mention=\"Fees are displayed in the Boxme system prior to order confirmation.\" id=\"input_part_0\">Ph\u00ed s\u1ebd \u0111\u01b0\u1ee3c hi\u1ec3n th\u1ecb tr\u00ean h\u1ec7 th\u1ed1ng Boxme tr\u01b0\u1edbc khi x\u00e1c nh\u1eadn \u0111\u01a1n h\u00e0ng.<\/span><\/li><li id=\"input_line_19\"><span class=\"\" data-mention=\"Preferential rates may be applied based on contract terms or shipping volume.\" id=\"input_part_0\">C\u00f3 th\u1ec3 \u00e1p d\u1ee5ng m\u1ee9c gi\u00e1 \u01b0u \u0111\u00e3i d\u1ef1a tr\u00ean \u0111i\u1ec1u kho\u1ea3n h\u1ee3p \u0111\u1ed3ng ho\u1eb7c kh\u1ed1i l\u01b0\u1ee3ng v\u1eadn chuy\u1ec3n.<\/span><\/li><\/ul><div id=\"input_line_20\"> <\/div><div id=\"input_line_21\"><strong><span class=\"\" data-mention=\"4. Cutoff Times &amp; Peak Seasons\" id=\"input_part_0\">4. Th\u1eddi gian gi\u1edbi h\u1ea1n v\u00e0 m\u00f9a cao \u0111i\u1ec3m<\/span><\/strong><\/div><ul><li id=\"input_line_23\"><span class=\"\" data-mention=\"To ensure same-day processing, orders must be submitted before the daily cutoff time (e.g., 2:00 PM local time).\" id=\"input_part_0\">\u0110\u1ec3 \u0111\u1ea3m b\u1ea3o x\u1eed l\u00fd trong ng\u00e0y, \u0111\u01a1n h\u00e0ng ph\u1ea3i \u0111\u01b0\u1ee3c g\u1eedi tr\u01b0\u1edbc th\u1eddi gian ch\u1ed1t \u0111\u01a1n h\u00e0ng h\u00e0ng ng\u00e0y (v\u00ed d\u1ee5: 2:00 chi\u1ec1u gi\u1edd \u0111\u1ecba ph\u01b0\u01a1ng).<\/span><\/li><li id=\"input_line_25\"><span class=\"\" data-mention=\"During peak seasons (holidays, Lunar New Year, Black Friday, etc.), Boxme will communicate specific order deadlines to guarantee on-time delivery.\" id=\"input_part_0\">Trong nh\u1eefng m\u00f9a cao \u0111i\u1ec3m (ng\u00e0y l\u1ec5, T\u1ebft Nguy\u00ean \u0111\u00e1n, Ng\u00e0y l\u1ec5 \u0111\u00f4i, v.v.), Boxme s\u1ebd th\u00f4ng b\u00e1o th\u1eddi h\u1ea1n \u0111\u1eb7t h\u00e0ng c\u1ee5 th\u1ec3 \u0111\u1ec3 \u0111\u1ea3m b\u1ea3o giao h\u00e0ng \u0111\u00fang h\u1eb9n.<\/span><\/li><\/ul><div id=\"input_line_26\"> <\/div><div id=\"input_line_27\"><strong><span class=\"\" data-mention=\"5. Shipping Coverage &amp; Restrictions\" id=\"input_part_0\">5. Ph\u1ea1m vi v\u1eadn chuy\u1ec3n v\u00e0 h\u1ea1n ch\u1ebf<\/span><\/strong><\/div><ul><li id=\"input_line_29\"><span class=\"\" data-mention=\"Domestic: Boxme ships nationwide within Vietnam.\" id=\"input_part_0\">Trong n\u01b0\u1edbc: Boxme giao h\u00e0ng tr\u00ean to\u00e0n qu\u1ed1c t\u1ea1i Vi\u1ec7t Nam, Th\u00e1i Lan, Philippines.<\/span><\/li><li id=\"input_line_31\"><span class=\"\" data-mention=\"International: Subject to customs regulations, import taxes, and duties of each destination country. Delivered Duty Paid (DDP) options may be available upon agreement.\" id=\"input_part_0\">Qu\u1ed1c t\u1ebf: T\u00f9y thu\u1ed9c v\u00e0o quy \u0111\u1ecbnh h\u1ea3i quan, thu\u1ebf nh\u1eadp kh\u1ea9u v\u00e0 thu\u1ebf c\u1ee7a t\u1eebng qu\u1ed1c gia \u0111\u00edch. T\u00f9y ch\u1ecdn Giao h\u00e0ng \u0111\u00e3 n\u1ed9p thu\u1ebf (DDP) c\u00f3 th\u1ec3 \u0111\u01b0\u1ee3c \u00e1p d\u1ee5ng theo th\u1ecfa thu\u1eadn. <\/span><\/li><li id=\"input_line_33\"><span class=\"\" data-mention=\"Prohibited or restricted items: Products that are illegal, hazardous, or require special handling cannot be shipped without prior approval. Shipments in violation may be returned or destroyed at the sender\u2019s expense.\" id=\"input_part_0\">H\u00e0ng h\u00f3a b\u1ecb c\u1ea5m ho\u1eb7c h\u1ea1n ch\u1ebf: C\u00e1c s\u1ea3n ph\u1ea9m b\u1ea5t h\u1ee3p ph\u00e1p, nguy hi\u1ec3m ho\u1eb7c c\u1ea7n x\u1eed l\u00fd \u0111\u1eb7c bi\u1ec7t kh\u00f4ng \u0111\u01b0\u1ee3c ph\u00e9p v\u1eadn chuy\u1ec3n n\u1ebfu kh\u00f4ng c\u00f3 s\u1ef1 ch\u1ea5p thu\u1eadn tr\u01b0\u1edbc. C\u00e1c l\u00f4 h\u00e0ng vi ph\u1ea1m c\u00f3 th\u1ec3 b\u1ecb tr\u1ea3 l\u1ea1i ho\u1eb7c ti\u00eau h\u1ee7y v\u1edbi chi ph\u00ed do ng\u01b0\u1eddi g\u1eedi ch\u1ecbu. <\/span><\/li><\/ul><div id=\"input_line_34\"> <\/div><div id=\"input_line_35\"><strong><span class=\"\" data-mention=\"6. Tracking &amp; System Integration\" id=\"input_part_0\">6. Theo d\u00f5i v\u00e0 t\u00edch h\u1ee3p h\u1ec7 th\u1ed1ng<\/span><\/strong><\/div><ul><li id=\"input_line_37\"><span class=\"\" data-mention=\"Customers can track shipments in real-time through Boxme\u2019s WMS (Warehouse Management System).\" id=\"input_part_0\">Kh\u00e1ch h\u00e0ng c\u00f3 th\u1ec3 theo d\u00f5i l\u00f4 h\u00e0ng theo th\u1eddi gian th\u1ef1c th\u00f4ng qua OMS (H\u1ec7 th\u1ed1ng qu\u1ea3n l\u00fd \u0111\u01a1n h\u00e0ng) c\u1ee7a Boxme.<\/span><\/li><li id=\"input_line_39\"><span class=\"\" data-mention=\"The system supports multi-channel integration to synchronize order status across sales platforms.\" id=\"input_part_0\">H\u1ec7 th\u1ed1ng h\u1ed7 tr\u1ee3 t\u00edch h\u1ee3p \u0111a k\u00eanh \u0111\u1ec3 \u0111\u1ed3ng b\u1ed9 tr\u1ea1ng th\u00e1i \u0111\u01a1n h\u00e0ng tr\u00ean c\u00e1c n\u1ec1n t\u1ea3ng b\u00e1n h\u00e0ng.<\/span><\/li><\/ul><div id=\"input_line_40\"> <\/div><div id=\"input_line_41\"><strong><span class=\"\" data-mention=\"7. Issues: Loss, Damage, Delay\" id=\"input_part_0\">7. C\u00e1c v\u1ea5n \u0111\u1ec1: M\u1ea5t m\u00e1t, h\u01b0 h\u1ecfng, ch\u1eadm tr\u1ec5<\/span><\/strong><\/div><ul><li id=\"input_line_43\"><span class=\"\" data-mention=\"Loss: Boxme will coordinate with the carrier for investigation. If confirmed lost, compensation will follow carrier policies or contractual agreements.\" id=\"input_part_0\"><strong>M\u1ea5t m\u00e1t<\/strong> : Boxme s\u1ebd ph\u1ed1i h\u1ee3p v\u1edbi \u0111\u01a1n v\u1ecb v\u1eadn chuy\u1ec3n \u0111\u1ec3 \u0111i\u1ec1u tra. N\u1ebfu \u0111\u01b0\u1ee3c x\u00e1c nh\u1eadn l\u00e0 m\u1ea5t m\u00e1t, vi\u1ec7c b\u1ed3i th\u01b0\u1eddng s\u1ebd \u0111\u01b0\u1ee3c th\u1ef1c hi\u1ec7n theo ch\u00ednh s\u00e1ch c\u1ee7a \u0111\u01a1n v\u1ecb v\u1eadn chuy\u1ec3n ho\u1eb7c th\u1ecfa thu\u1eadn h\u1ee3p \u0111\u1ed3ng. <\/span><\/li><li id=\"input_line_45\"><span class=\"\" data-mention=\"Damage: Boxme is responsible for damages occurring during warehousing or packing. Damages during transit are subject to the carrier\u2019s liability.\" id=\"input_part_0\"><strong>H\u01b0 h\u1ecfng<\/strong> : Boxme ch\u1ecbu tr\u00e1ch nhi\u1ec7m v\u1ec1 c\u00e1c h\u01b0 h\u1ecfng x\u1ea3y ra trong qu\u00e1 tr\u00ecnh l\u01b0u kho ho\u1eb7c \u0111\u00f3ng g\u00f3i. H\u01b0 h\u1ecfng trong qu\u00e1 tr\u00ecnh v\u1eadn chuy\u1ec3n s\u1ebd do b\u00ean v\u1eadn chuy\u1ec3n ch\u1ecbu tr\u00e1ch nhi\u1ec7m. <\/span><\/li><li id=\"input_line_47\"><span class=\"\" data-mention=\"Delay: Delivery times are estimates only. While not guaranteed, Boxme will assist customers with claims and resolutions with the carrier.\" id=\"input_part_0\">Th\u1eddi gian giao h\u00e0ng ch\u1ec9 l\u00e0 \u01b0\u1edbc t\u00ednh. M\u1eb7c d\u00f9 kh\u00f4ng \u0111\u01b0\u1ee3c \u0111\u1ea3m b\u1ea3o, Boxme s\u1ebd h\u1ed7 tr\u1ee3 kh\u00e1ch h\u00e0ng khi\u1ebfu n\u1ea1i v\u00e0 gi\u1ea3i quy\u1ebft v\u1edbi \u0111\u01a1n <strong>v\u1ecb<\/strong> v\u1eadn chuy\u1ec3n. <\/span><\/li><\/ul><div id=\"input_line_49\"><strong><span class=\"\" data-mention=\"8. Optional \/ Custom Services (Not default)\" id=\"input_part_0\">8. D\u1ecbch v\u1ee5 t\u00f9y ch\u1ecdn \/ t\u00f9y ch\u1ec9nh (Kh\u00f4ng ph\u1ea3i m\u1eb7c \u0111\u1ecbnh)<\/span><\/strong><\/div><ul><li id=\"input_line_51\"><span class=\"\" data-mention=\"Some services require advance agreement and may incur additional costs:\" id=\"input_part_0\">M\u1ed9t s\u1ed1 d\u1ecbch v\u1ee5 y\u00eau c\u1ea7u ph\u1ea3i c\u00f3 th\u1ecfa thu\u1eadn tr\u01b0\u1edbc v\u00e0 c\u00f3 th\u1ec3 ph\u00e1t sinh th\u00eam chi ph\u00ed:<\/span><\/li><li id=\"input_line_53\"><span class=\"\" data-mention=\"Special packaging, branded labels, handwritten notes, gift wrapping, bundling\/kitting, B2B orders, fragile handling, oversized freight, dangerous goods, etc.\" id=\"input_part_0\">Bao b\u00ec \u0111\u1eb7c bi\u1ec7t, nh\u00e3n hi\u1ec7u, ghi ch\u00fa vi\u1ebft tay, g\u00f3i qu\u00e0, \u0111\u00f3ng g\u00f3i\/\u0111\u00f3ng g\u00f3i, \u0111\u01a1n h\u00e0ng B2B, x\u1eed l\u00fd h\u00e0ng d\u1ec5 v\u1ee1, h\u00e0ng h\u00f3a qu\u00e1 kh\u1ed5, h\u00e0ng nguy hi\u1ec3m, v.v.<\/span><\/li><\/ul><div id=\"input_line_54\"><div id=\"input_line_0\"><strong><span class=\"\" data-mention=\"9. Customer Support &amp; Claims\" id=\"input_part_0\">9. H\u1ed7 tr\u1ee3 kh\u00e1ch h\u00e0ng v\u00e0 khi\u1ebfu n\u1ea1i<\/span><\/strong><\/div><p><span class=\"\" data-mention=\"For inquiries or shipping-related issues, please contact:\" id=\"input_part_0\">\u0110\u1ec3 \u0111\u01b0\u1ee3c gi\u1ea3i \u0111\u00e1p th\u1eafc m\u1eafc ho\u1eb7c c\u00e1c v\u1ea5n \u0111\u1ec1 li\u00ean quan \u0111\u1ebfn v\u1eadn chuy\u1ec3n, vui l\u00f2ng li\u00ean h\u1ec7:<\/span><\/p><ul><li id=\"input_line_2\"><span class=\"\" data-mention=\"Email: support@boxme.asia\" id=\"input_part_0\">G\u1eedi y\u00eau c\u1ea7u h\u1ed7 tr\u1ee3 tr\u00ean h\u1ec7 th\u1ed1ng ho\u1eb7c li\u00ean h\u1ec7 v\u1edbi nh\u00e2n vi\u00ean ph\u1ee5 tr\u00e1ch kh\u00e1ch h\u00e0ng.<\/span><\/li><li id=\"input_line_4\"><span class=\"\" data-mention=\"Boxme\u2019s Customer Support team responds within 24 business hours.\" id=\"input_part_0\">Nh\u00f3m h\u1ed7 tr\u1ee3 kh\u00e1ch h\u00e0ng c\u1ee7a Boxme s\u1ebd ph\u1ea3n h\u1ed3i trong v\u00f2ng 24 gi\u1edd l\u00e0m vi\u1ec7c.<\/span><\/li><\/ul><\/div><div id=\"input_line_55\"> <\/div><div id=\"input_line_56\"> <\/div><div id=\"input_line_57\"> <\/div><div id=\"input_line_58\"> <\/div>\t\t\t\t\t\t\t\t<\/div>\n\t\t\t\t<\/div>\n\t\t\t\t\t<\/div>\n\t\t\t\t<\/div>\n\t\t\t\t<\/div>\n\t\t","protected":false},"excerpt":{"rendered":"<p>Ch\u00ednh s\u00e1ch v\u1eadn chuy\u1ec3n C\u1eadp nh\u1eadt l\u1ea7n cu\u1ed1i: 01\/08\/2025 1. M\u1ee5c \u0111\u00edch v\u00e0 ph\u1ea1m vi Ch\u00ednh s\u00e1ch V\u1eadn chuy\u1ec3n n\u00e0y n\u00eau r\u00f5 c\u00e1c quy tr\u00ecnh, chi ph\u00ed, th\u1eddi gian v\u00e0 tr\u00e1ch nhi\u1ec7m c\u1ee7a Boxme li\u00ean quan \u0111\u1ebfn v\u1eadn chuy\u1ec3n trong n\u01b0\u1edbc v\u00e0 qu\u1ed1c t\u1ebf. Ch\u00ednh s\u00e1ch n\u00e0y \u00e1p d\u1ee5ng cho t\u1ea5t c\u1ea3 kh\u00e1ch h\u00e0ng s\u1eed [&hellip;]<\/p>\n","protected":false},"author":1,"featured_media":0,"parent":0,"menu_order":0,"comment_status":"closed","ping_status":"closed","template":"","meta":{"inline_featured_image":false,"footnotes":""},"class_list":["post-104469","page","type-page","status-publish","hentry"],"_links":{"self":[{"href":"https:\/\/boxme.asia\/vi\/wp-json\/wp\/v2\/pages\/104469","targetHints":{"allow":["GET"]}}],"collection":[{"href":"https:\/\/boxme.asia\/vi\/wp-json\/wp\/v2\/pages"}],"about":[{"href":"https:\/\/boxme.asia\/vi\/wp-json\/wp\/v2\/types\/page"}],"author":[{"embeddable":true,"href":"https:\/\/boxme.asia\/vi\/wp-json\/wp\/v2\/users\/1"}],"replies":[{"embeddable":true,"href":"https:\/\/boxme.asia\/vi\/wp-json\/wp\/v2\/comments?post=104469"}],"version-history":[{"count":5,"href":"https:\/\/boxme.asia\/vi\/wp-json\/wp\/v2\/pages\/104469\/revisions"}],"predecessor-version":[{"id":106485,"href":"https:\/\/boxme.asia\/vi\/wp-json\/wp\/v2\/pages\/104469\/revisions\/106485"}],"wp:attachment":[{"href":"https:\/\/boxme.asia\/vi\/wp-json\/wp\/v2\/media?parent=104469"}],"curies":[{"name":"wp","href":"https:\/\/api.w.org\/{rel}","templated":true}]}}