{"id":100121,"date":"2025-08-12T14:44:09","date_gmt":"2025-08-12T07:44:09","guid":{"rendered":"https:\/\/boxme.asia\/cau-chuyen-thanh-cong\/"},"modified":"2025-08-19T09:17:47","modified_gmt":"2025-08-19T02:17:47","slug":"case-studies","status":"publish","type":"page","link":"https:\/\/boxme.asia\/vi\/case-studies\/","title":{"rendered":"C\u00e2u chuy\u1ec7n th\u00e0nh c\u00f4ng"},"content":{"rendered":"\t\t<div data-elementor-type=\"wp-page\" data-elementor-id=\"100121\" class=\"elementor elementor-100121 elementor-100110\" data-elementor-post-type=\"page\">\n\t\t\t\t<div class=\"elementor-element elementor-element-057e08f e-flex e-con-boxed e-con e-parent\" data-id=\"057e08f\" data-element_type=\"container\">\n\t\t\t\t\t<div class=\"e-con-inner\">\n\t\t\t\t<div class=\"elementor-element elementor-element-188172a elementor-widget elementor-widget-heading\" data-id=\"188172a\" data-element_type=\"widget\" data-widget_type=\"heading.default\">\n\t\t\t\t<div class=\"elementor-widget-container\">\n\t\t\t\t\t<h3 class=\"elementor-heading-title elementor-size-default\">C\u00e1c kh\u00e1ch h\u00e0ng \u0111\u00e3 tin c\u1eady h\u1ee3p t\u00e1c v\u1edbi Boxme<\/h3>\t\t\t\t<\/div>\n\t\t\t\t<\/div>\n\t\t\t\t<div class=\"elementor-element elementor-element-690054a elementor-widget elementor-widget-text-editor\" data-id=\"690054a\" data-element_type=\"widget\" data-widget_type=\"text-editor.default\">\n\t\t\t\t<div class=\"elementor-widget-container\">\n\t\t\t\t\t\t\t\t\t<p>Xem nh\u1eefng gi\u1ea3i ph\u00e1p ti\u00eau bi\u1ec3u c\u1ee7a ch\u00fang t\u00f4i d\u00e0nh cho kh\u00e1ch h\u00e0ng. Ch\u00fang t\u00f4i tri\u1ec3n khai c\u00e1c gi\u1ea3i ph\u00e1p v\u1eadn h\u00e0nh gi\u00fap kh\u00e1ch h\u00e0ng v\u1eadn h\u00e0nh t\u1ef1 \u0111\u1ed9ng ho\u00e1 chu\u1ed7i cung \u1ee9ng t\u1eeb Online t\u1edbi Offline <\/p>\t\t\t\t\t\t\t\t<\/div>\n\t\t\t\t<\/div>\n\t\t\t\t\t<\/div>\n\t\t\t\t<\/div>\n\t\t<div class=\"elementor-element elementor-element-3fcd1cb e-flex e-con-boxed e-con e-parent\" data-id=\"3fcd1cb\" data-element_type=\"container\">\n\t\t\t\t\t<div class=\"e-con-inner\">\n\t\t\t\t<div class=\"elementor-element elementor-element-984c60a gt3_packery_gap-0 elementor-widget elementor-widget-gt3-core-portfolio\" data-id=\"984c60a\" data-element_type=\"widget\" data-widget_type=\"gt3-core-portfolio.default\">\n\t\t\t\t<div class=\"elementor-widget-container\">\n\t\t\t\t\t\t<div class=\"portfolio_wrapper show_type_packery hover_type1 packery_type_2 elementor\" data-post-index=\"6\">\r\n\t\t\t\t\t<div class=\"isotope-filter isotope-filter--links\">\r\n\t\t\t\t<a href=\"https:\/\/boxme.asia\/vi\/case-studies\/\" data-count=\"6\" data-filter=\"all\"  class=\"active\">All<\/a><a href=\"https:\/\/boxme.asia\/vi\/case-studies\/?portfolio_category=brand-owner\"  data-count=\"5\" data-filter=\".brand-owner\">Brand Owner<\/a><a href=\"https:\/\/boxme.asia\/vi\/case-studies\/?portfolio_category=case-study\"  data-count=\"1\" data-filter=\".case-study\">Case Study<\/a><a href=\"https:\/\/boxme.asia\/vi\/case-studies\/?portfolio_category=fmcg\"  data-count=\"1\" data-filter=\".fmcg\">Consumer Goods<\/a><a href=\"https:\/\/boxme.asia\/vi\/case-studies\/?portfolio_category=retailer\"  data-count=\"2\" data-filter=\".retailer\">Retailer<\/a><a href=\"https:\/\/boxme.asia\/vi\/case-studies\/?portfolio_category=service\"  data-count=\"0\" data-filter=\".service\">Service<\/a>\t\t\t<\/div>\r\n\t\t\t\t<div class=\"isotope_wrapper gt3_isotope_parent items_list gt3_clear\">\r\n\t\t\t<div class=\"isotope_item   packery_extra_size-large_width_height lazy_loading packery_blog_item_1\"><div class=\"wrapper\"><a href=\"https:\/\/boxme.asia\/vi\/portfolio\/zwilling\/\" class=\"lightbox\" target='_self'><div class=\"img_wrap\"><div class=\"img\" ><div class=\"gt3_portfolio_list__image-placeholder gt3_lazyload__placeholder\" style=\"padding-bottom:100%;background-color:#747175;\"><\/div><img decoding=\"async\"  data-srcset=\"https:\/\/boxme.asia\/wp-content\/uploads\/2025\/11\/zwilling-1170x1170.png 1170w, https:\/\/boxme.asia\/wp-content\/uploads\/2025\/11\/zwilling-960x960.png 960w, https:\/\/boxme.asia\/wp-content\/uploads\/2025\/11\/zwilling-800x800.png 800w, https:\/\/boxme.asia\/wp-content\/uploads\/2025\/11\/zwilling-600x600.png 600w, https:\/\/boxme.asia\/wp-content\/uploads\/2025\/11\/zwilling-992x992.png 992w,https:\/\/boxme.asia\/wp-content\/uploads\/2025\/11\/zwilling-420x420.png 420w\" data-src=\"https:\/\/boxme.asia\/wp-content\/uploads\/2025\/11\/zwilling-800x800.png\" data-sizes=\"(min-width: 1921px) 1170px, (min-width: 1600px) 960px, (min-width: 1200px) 800px, (min-width: 992px) 600px, (min-width: 768px) 992px, (min-width: 420px) 600px, (max-width: 600px) 420px\" src=\"data:image\/gif;base64,R0lGODlhAQABAIAAAAAAAP\/\/\/yH5BAEAAAAALAAAAAABAAEAAAIBRAA7\" title=\"zwilling\" alt=\"\"  class=\"gt3_lazyload\"\/><\/div><\/div><div class=\"text_wrap\"><h4 class=\"title\">Zwilling<\/h4><\/div><\/a><\/div><\/div><div class=\"isotope_item   packery_extra_size-default lazy_loading packery_blog_item_2\"><div class=\"wrapper\"><a href=\"https:\/\/boxme.asia\/vi\/portfolio\/yves-rocher\/\" class=\"lightbox\" target='_self'><div class=\"img_wrap\"><div class=\"img\" ><div class=\"gt3_portfolio_list__image-placeholder gt3_lazyload__placeholder\" style=\"padding-bottom:100%;background-color:#D3BA9E;\"><\/div><img decoding=\"async\"  data-srcset=\"https:\/\/boxme.asia\/wp-content\/uploads\/2025\/10\/Untitled-2-800x800.jpg 800w, https:\/\/boxme.asia\/wp-content\/uploads\/2025\/10\/Untitled-2-500x500.jpg 500w, https:\/\/boxme.asia\/wp-content\/uploads\/2025\/10\/Untitled-2-480x480.jpg 480w, https:\/\/boxme.asia\/wp-content\/uploads\/2025\/10\/Untitled-2-400x400.jpg 400w, https:\/\/boxme.asia\/wp-content\/uploads\/2025\/10\/Untitled-2-300x300.jpg 300w, https:\/\/boxme.asia\/wp-content\/uploads\/2025\/10\/Untitled-2-496x496.jpg 496w, https:\/\/boxme.asia\/wp-content\/uploads\/2025\/10\/Untitled-2-384x384.jpg 384w, https:\/\/boxme.asia\/wp-content\/uploads\/2025\/10\/Untitled-2-600x600.jpg 600w,https:\/\/boxme.asia\/wp-content\/uploads\/2025\/10\/Untitled-2-420x420.jpg 420w\" data-src=\"https:\/\/boxme.asia\/wp-content\/uploads\/2025\/10\/Untitled-2-400x400.jpg\" data-sizes=\"(min-width: 2000px) 800px, (min-width: 1921px) 500px, (min-width: 1600px) 480px, (min-width: 1200px) 400px, (min-width: 992px) 300px, (min-width: 768px) 496px, (min-width: 600px) 384px, (min-width: 420px) 600px, (max-width: 600px) 420px\" src=\"data:image\/gif;base64,R0lGODlhAQABAIAAAAAAAP\/\/\/yH5BAEAAAAALAAAAAABAAEAAAIBRAA7\" title=\"Untitled-2\" alt=\"\"  class=\"gt3_lazyload\"\/><\/div><\/div><div class=\"text_wrap\"><h4 class=\"title\">Yves Rocher<\/h4><\/div><\/a><\/div><\/div><div class=\"isotope_item   packery_extra_size-default lazy_loading packery_blog_item_3\"><div class=\"wrapper\"><a href=\"https:\/\/boxme.asia\/vi\/portfolio\/inochi\/\" class=\"lightbox\" target='_self'><div class=\"img_wrap\"><div class=\"img\" ><div class=\"gt3_portfolio_list__image-placeholder gt3_lazyload__placeholder\" style=\"padding-bottom:100%;background-color:#C5CDAC;\"><\/div><img decoding=\"async\"  data-srcset=\"https:\/\/boxme.asia\/wp-content\/uploads\/2025\/09\/481676835_972484551685062_158747531158341375_n-800x800.jpg 800w, https:\/\/boxme.asia\/wp-content\/uploads\/2025\/09\/481676835_972484551685062_158747531158341375_n-500x500.jpg 500w, https:\/\/boxme.asia\/wp-content\/uploads\/2025\/09\/481676835_972484551685062_158747531158341375_n-480x480.jpg 480w, https:\/\/boxme.asia\/wp-content\/uploads\/2025\/09\/481676835_972484551685062_158747531158341375_n-400x400.jpg 400w, https:\/\/boxme.asia\/wp-content\/uploads\/2025\/09\/481676835_972484551685062_158747531158341375_n-300x300.jpg 300w, https:\/\/boxme.asia\/wp-content\/uploads\/2025\/09\/481676835_972484551685062_158747531158341375_n-496x496.jpg 496w, https:\/\/boxme.asia\/wp-content\/uploads\/2025\/09\/481676835_972484551685062_158747531158341375_n-384x384.jpg 384w, https:\/\/boxme.asia\/wp-content\/uploads\/2025\/09\/481676835_972484551685062_158747531158341375_n-600x600.jpg 600w,https:\/\/boxme.asia\/wp-content\/uploads\/2025\/09\/481676835_972484551685062_158747531158341375_n-420x420.jpg 420w\" data-src=\"https:\/\/boxme.asia\/wp-content\/uploads\/2025\/09\/481676835_972484551685062_158747531158341375_n-400x400.jpg\" data-sizes=\"(min-width: 2000px) 800px, (min-width: 1921px) 500px, (min-width: 1600px) 480px, (min-width: 1200px) 400px, (min-width: 992px) 300px, (min-width: 768px) 496px, (min-width: 600px) 384px, (min-width: 420px) 600px, (max-width: 600px) 420px\" src=\"data:image\/gif;base64,R0lGODlhAQABAIAAAAAAAP\/\/\/yH5BAEAAAAALAAAAAABAAEAAAIBRAA7\" title=\"481676835_972484551685062_158747531158341375_n\" alt=\"\"  class=\"gt3_lazyload\"\/><\/div><\/div><div class=\"text_wrap\"><h4 class=\"title\">Inochi<\/h4><\/div><\/a><\/div><\/div><div class=\"isotope_item  brand-owner packery_extra_size-large_width lazy_loading packery_blog_item_4\"><div class=\"wrapper\"><a href=\"https:\/\/boxme.asia\/vi\/portfolio\/judydoll\/\" class=\"lightbox\" target='_self'><div class=\"img_wrap\"><div class=\"img\" ><div class=\"gt3_portfolio_list__image-placeholder gt3_lazyload__placeholder\" style=\"padding-bottom:50%;background-color:#E3C8C6;\"><\/div><img decoding=\"async\"  data-srcset=\"https:\/\/boxme.asia\/wp-content\/uploads\/2024\/05\/Judydoll-1170x585.png 1170w, https:\/\/boxme.asia\/wp-content\/uploads\/2024\/05\/Judydoll-960x480.png 960w, https:\/\/boxme.asia\/wp-content\/uploads\/2024\/05\/Judydoll-800x400.png 800w, https:\/\/boxme.asia\/wp-content\/uploads\/2024\/05\/Judydoll-600x300.png 600w, https:\/\/boxme.asia\/wp-content\/uploads\/2024\/05\/Judydoll-992x496.png 992w,https:\/\/boxme.asia\/wp-content\/uploads\/2024\/05\/Judydoll-420x210.png 420w\" data-src=\"https:\/\/boxme.asia\/wp-content\/uploads\/2024\/05\/Judydoll-800x400.png\" data-sizes=\"(min-width: 1921px) 1170px, (min-width: 1600px) 960px, (min-width: 1200px) 800px, (min-width: 992px) 600px, (min-width: 768px) 992px, (min-width: 420px) 600px, (max-width: 600px) 420px\" src=\"data:image\/gif;base64,R0lGODlhAQABAIAAAAAAAP\/\/\/yH5BAEAAAAALAAAAAABAAEAAAIBRAA7\" title=\"Judydoll\" alt=\"\"  class=\"gt3_lazyload\"\/><\/div><\/div><div class=\"text_wrap\"><h4 class=\"title\">JudyDoll<\/h4><div class=\"categories\"><div class=\"categories_inner\"><span>Brand Owner<\/span><\/div><\/div><\/div><\/a><\/div><\/div><div class=\"isotope_item  retailer packery_extra_size-default lazy_loading packery_blog_item_5\"><div class=\"wrapper\"><a href=\"https:\/\/boxme.asia\/vi\/portfolio\/the-gioi-skinfood\/\" class=\"lightbox\" target='_self'><div class=\"img_wrap\"><div class=\"img\" ><div class=\"gt3_portfolio_list__image-placeholder gt3_lazyload__placeholder\" style=\"padding-bottom:100%;background-color:#DBB4BE;\"><\/div><img decoding=\"async\"  data-srcset=\"https:\/\/boxme.asia\/wp-content\/uploads\/2024\/11\/Thegioiskinfoodd-800x800.png 800w, https:\/\/boxme.asia\/wp-content\/uploads\/2024\/11\/Thegioiskinfoodd-500x500.png 500w, https:\/\/boxme.asia\/wp-content\/uploads\/2024\/11\/Thegioiskinfoodd-480x480.png 480w, https:\/\/boxme.asia\/wp-content\/uploads\/2024\/11\/Thegioiskinfoodd-400x400.png 400w, https:\/\/boxme.asia\/wp-content\/uploads\/2024\/11\/Thegioiskinfoodd-300x300.png 300w, https:\/\/boxme.asia\/wp-content\/uploads\/2024\/11\/Thegioiskinfoodd-496x496.png 496w, https:\/\/boxme.asia\/wp-content\/uploads\/2024\/11\/Thegioiskinfoodd-384x384.png 384w, https:\/\/boxme.asia\/wp-content\/uploads\/2024\/11\/Thegioiskinfoodd-600x600.png 600w,https:\/\/boxme.asia\/wp-content\/uploads\/2024\/11\/Thegioiskinfoodd-420x420.png 420w\" data-src=\"https:\/\/boxme.asia\/wp-content\/uploads\/2024\/11\/Thegioiskinfoodd-400x400.png\" data-sizes=\"(min-width: 2000px) 800px, (min-width: 1921px) 500px, (min-width: 1600px) 480px, (min-width: 1200px) 400px, (min-width: 992px) 300px, (min-width: 768px) 496px, (min-width: 600px) 384px, (min-width: 420px) 600px, (max-width: 600px) 420px\" src=\"data:image\/gif;base64,R0lGODlhAQABAIAAAAAAAP\/\/\/yH5BAEAAAAALAAAAAABAAEAAAIBRAA7\" title=\"Thegioiskinfoodd\" alt=\"\"  class=\"gt3_lazyload\"\/><\/div><\/div><div class=\"text_wrap\"><h4 class=\"title\">Th\u1ebf Gi\u1edbi Skinfood<\/h4><div class=\"categories\"><div class=\"categories_inner\"><span>Retailer<\/span><\/div><\/div><\/div><\/a><\/div><\/div><div class=\"isotope_item  brand-owner packery_extra_size-default lazy_loading packery_blog_item_6\"><div class=\"wrapper\"><a href=\"https:\/\/boxme.asia\/vi\/portfolio\/pepsico\/\" class=\"lightbox\" target='_self'><div class=\"img_wrap\"><div class=\"img\" ><div class=\"gt3_portfolio_list__image-placeholder gt3_lazyload__placeholder\" style=\"padding-bottom:100%;background-color:#678DAC;\"><\/div><img decoding=\"async\"  data-srcset=\"https:\/\/boxme.asia\/wp-content\/uploads\/2025\/08\/vn-11134210-7r98o-lswncm1c68joa8-800x800.jpg 800w, https:\/\/boxme.asia\/wp-content\/uploads\/2025\/08\/vn-11134210-7r98o-lswncm1c68joa8-500x500.jpg 500w, https:\/\/boxme.asia\/wp-content\/uploads\/2025\/08\/vn-11134210-7r98o-lswncm1c68joa8-480x480.jpg 480w, https:\/\/boxme.asia\/wp-content\/uploads\/2025\/08\/vn-11134210-7r98o-lswncm1c68joa8-400x400.jpg 400w, https:\/\/boxme.asia\/wp-content\/uploads\/2025\/08\/vn-11134210-7r98o-lswncm1c68joa8-300x300.jpg 300w, https:\/\/boxme.asia\/wp-content\/uploads\/2025\/08\/vn-11134210-7r98o-lswncm1c68joa8-496x496.jpg 496w, https:\/\/boxme.asia\/wp-content\/uploads\/2025\/08\/vn-11134210-7r98o-lswncm1c68joa8-384x384.jpg 384w, https:\/\/boxme.asia\/wp-content\/uploads\/2025\/08\/vn-11134210-7r98o-lswncm1c68joa8-600x600.jpg 600w,https:\/\/boxme.asia\/wp-content\/uploads\/2025\/08\/vn-11134210-7r98o-lswncm1c68joa8-420x420.jpg 420w\" data-src=\"https:\/\/boxme.asia\/wp-content\/uploads\/2025\/08\/vn-11134210-7r98o-lswncm1c68joa8-400x400.jpg\" data-sizes=\"(min-width: 2000px) 800px, (min-width: 1921px) 500px, (min-width: 1600px) 480px, (min-width: 1200px) 400px, (min-width: 992px) 300px, (min-width: 768px) 496px, (min-width: 600px) 384px, (min-width: 420px) 600px, (max-width: 600px) 420px\" src=\"data:image\/gif;base64,R0lGODlhAQABAIAAAAAAAP\/\/\/yH5BAEAAAAALAAAAAABAAEAAAIBRAA7\" title=\"vn-11134210-7r98o-lswncm1c68joa8\" alt=\"\"  class=\"gt3_lazyload\"\/><\/div><\/div><div class=\"text_wrap\"><h4 class=\"title\">Suntory Pepsico<\/h4><div class=\"categories\"><div class=\"categories_inner\"><span>Brand Owner<\/span><\/div><\/div><\/div><\/a><\/div><\/div>\t\t<\/div>\r\n\t\t<ul class=\"pagerblock\"><li><a href='https:\/\/boxme.asia\/vi\/wp-json\/wp\/v2\/pages\/100121\/' class='current'>1<\/a><\/li><li><a href='https:\/\/boxme.asia\/vi\/wp-json\/wp\/v2\/pages\/100121\/page\/2\/'>2<\/a><\/li><li class=\"next_page\"><a href=\"https:\/\/boxme.asia\/vi\/wp-json\/wp\/v2\/pages\/100121\/page\/2\/\"><i class=\"fa fa-angle-right\"><\/i><\/a><\/li><\/ul>\t<\/div>\r\n\t<script type=\"application\/json\" id=\"settings--984c60a\">{\"pagination_en\":true,\"show_title\":true,\"show_category\":true,\"show_date\":false,\"use_filter\":true,\"filter_ajax\":false,\"lazyload\":\"yes\",\"posts_per_page\":4,\"firstLoad\":6,\"load_items\":4,\"grid_gap\":0,\"gap_value\":0,\"gap_unit\":\"px\",\"query\":{\"post_status\":[\"publish\"],\"post_type\":\"portfolio\",\"posts_per_page\":\"4\",\"orderby\":\"date \",\"order\":\"DESC\",\"paged\":1,\"exclude\":[111625,111270,110401,108865,108864,108594]},\"type\":\"packery\",\"random\":false,\"render_index\":\"6\",\"settings\":{\"filter_ajax\":\"\",\"grid_type\":\"square\",\"cols\":\"2\",\"show_type\":\"packery\",\"packery_type\":2,\"lazyload\":\"yes\",\"grid_gap\":0},\"term\":\"portfolio_category\",\"packery\":{\"lap\":8,\"grid\":4,\"elem\":{\"1\":{\"w\":2,\"h\":2},\"4\":{\"w\":2},\"7\":{\"w\":2,\"h\":2},\"8\":{\"w\":2}}}}<\/script>\t\t\t\t<\/div>\n\t\t\t\t<\/div>\n\t\t\t\t\t<\/div>\n\t\t\t\t<\/div>\n\t\t<div class=\"elementor-element elementor-element-318f432 e-flex e-con-boxed e-con e-parent\" data-id=\"318f432\" data-element_type=\"container\">\n\t\t\t\t\t<div class=\"e-con-inner\">\n\t\t\t\t\t<\/div>\n\t\t\t\t<\/div>\n\t\t\t\t<\/div>\n\t\t","protected":false},"excerpt":{"rendered":"<p>C\u00e1c kh\u00e1ch h\u00e0ng \u0111\u00e3 tin c\u1eady h\u1ee3p t\u00e1c v\u1edbi Boxme Xem nh\u1eefng gi\u1ea3i ph\u00e1p ti\u00eau bi\u1ec3u c\u1ee7a ch\u00fang t\u00f4i d\u00e0nh cho kh\u00e1ch h\u00e0ng. Ch\u00fang t\u00f4i tri\u1ec3n khai c\u00e1c gi\u1ea3i ph\u00e1p v\u1eadn h\u00e0nh gi\u00fap kh\u00e1ch h\u00e0ng v\u1eadn h\u00e0nh t\u1ef1 \u0111\u1ed9ng ho\u00e1 chu\u1ed7i cung \u1ee9ng t\u1eeb Online t\u1edbi Offline AllBrand OwnerCase StudyConsumer GoodsRetailerService Th\u1ebf Gi\u1edbi Skinfood Retailer [&hellip;]<\/p>\n","protected":false},"author":1,"featured_media":0,"parent":0,"menu_order":0,"comment_status":"closed","ping_status":"closed","template":"","meta":{"inline_featured_image":false,"footnotes":""},"class_list":["post-100121","page","type-page","status-publish","hentry"],"_links":{"self":[{"href":"https:\/\/boxme.asia\/vi\/wp-json\/wp\/v2\/pages\/100121","targetHints":{"allow":["GET"]}}],"collection":[{"href":"https:\/\/boxme.asia\/vi\/wp-json\/wp\/v2\/pages"}],"about":[{"href":"https:\/\/boxme.asia\/vi\/wp-json\/wp\/v2\/types\/page"}],"author":[{"embeddable":true,"href":"https:\/\/boxme.asia\/vi\/wp-json\/wp\/v2\/users\/1"}],"replies":[{"embeddable":true,"href":"https:\/\/boxme.asia\/vi\/wp-json\/wp\/v2\/comments?post=100121"}],"version-history":[{"count":11,"href":"https:\/\/boxme.asia\/vi\/wp-json\/wp\/v2\/pages\/100121\/revisions"}],"predecessor-version":[{"id":103953,"href":"https:\/\/boxme.asia\/vi\/wp-json\/wp\/v2\/pages\/100121\/revisions\/103953"}],"wp:attachment":[{"href":"https:\/\/boxme.asia\/vi\/wp-json\/wp\/v2\/media?parent=100121"}],"curies":[{"name":"wp","href":"https:\/\/api.w.org\/{rel}","templated":true}]}}